{"id":2899,"date":"2022-11-14T13:11:40","date_gmt":"2022-11-14T12:11:40","guid":{"rendered":"http:\/\/aluminiosvallirana.es\/?post_type=product&#038;p=2899"},"modified":"2023-01-17T17:14:02","modified_gmt":"2023-01-17T16:14:02","slug":"mallorquinas-de-aluminio","status":"publish","type":"product","link":"https:\/\/aluminiosvallirana.es\/fr\/productos\/mallorquinas-de-aluminio\/","title":{"rendered":"Volets en aluminium"},"content":{"rendered":"<p class=\"descripcion\" style=\"text-align: justify;\">Somos fabricantes directos de mallorquinas de aluminio, al mejor precio.<br \/>\nFabricamos mallorquinas de aluminio lama fija y mallorquinas de aluminio lama m\u00f3vil. Tambi\u00e9n fabricamos mallorquinas de seguridad, tanto en lama fija, como en lama m\u00f3vil u orientable. En la tipolog\u00eda de mallorquinas de seguridad, siempre se realizan mediante varilla acero inox y portalamas reforzados. Disponemos de mallorquinas lama fija de 50&#215;10 u ovalina, mallorquinas de aluminio lama fija 35&#215;8, mallorquinas lama fija Z-60, mallorquinas aluminio lama Z-90, mallorquinas aluminio Y-90, mallorquinas de aluminio ovalada 120. Tambi\u00e9n podemos ofrecer mallorquinas de lama machihembrada ciega de 120. Varios tipos en mallorquinas con lama orientable: mallorquinas de aluminio lama m\u00f3vil de 70 o naco, mallorquinas de aluminio lama m\u00f3vil ovalada 120, mallorquinas de aluminio lama m\u00f3vil 140, mallorquinas de aluminio lama m\u00f3vil 140 PVC. La orientaci\u00f3n de las lamas puede ser gracias a nuestros mecanismos homologados, mediante 7 tipos de mandos. Es posible lacar los mecanismos en RAL est\u00e1ndar o RAL especial. Consultar opciones.<\/p>","protected":false},"excerpt":{"rendered":"<div>\n<div>\n<h2>TROUVEZ LES ETAGERES EN ALUMINIUM ICI<\/h2>\n<p style=\"text-align: justify;\">Nous sommes fabricants directs de volets en aluminium, nous fabriquons des volets pas chers au meilleur prix, bref des volets performants. Les volets en aluminium que nous fabriquons sont toujours fabriqu\u00e9s avec des mat\u00e9riaux de haute qualit\u00e9 dans une chambre europ\u00e9enne et des accessoires du march\u00e9. Bien qu&#039;il s&#039;agisse toujours de stores en aluminium, puisqu&#039;ils r\u00e9gulent l&#039;orientation de la lumi\u00e8re, ils agissent comme une grille ou un volet en aluminium, offrant des fonctions d&#039;isolation et de s\u00e9curit\u00e9. Nous vous proposons la pose de volets aluminium, ou tout simplement la distribution de volets aluminium. Gr\u00e2ce \u00e0 nos volets de qualit\u00e9, nous avons r\u00e9ussi \u00e0 les distribuer comme suit : volets en aluminium \u00e0 Barcelone, volets en aluminium en Espagne, volets en aluminium aux \u00eeles Bal\u00e9ares et Canaries, volets en aluminium en Europe, volets en aluminium en Am\u00e9rique du Sud, volets en aluminium en Afrique.<\/p>\n<\/div>\n<div>\n<details>\n<summary>FICHES TECHNIQUES<\/summary>\n<div class=\"fila\">\n<div class=\"columna1\">\n                          <a title=\"Fiche technique\" href=\"\/multimedia\/fichas_tecnicas\/mallorquinas\/ae0932_av.pdf\" target=\"_blank\" rel=\"noopener\"> <img decoding=\"async\" class=\"imgtech1\" src=\"\/wp-content\/uploads\/2022\/11\/ae0932_av_pages-to-jpg-0001.jpg\" alt=\"Ficha t\u00e9cnica AE 0932\" \/><\/a>\n                      <\/div>\n<div class=\"columna1\">\n                          <a title=\"Fiche technique\" href=\"\/multimedia\/fichas_tecnicas\/mallorquinas\/ae0933_av.pdf\" target=\"_blank\" rel=\"noopener\"> <img decoding=\"async\" class=\"imgtech1\" src=\"\/wp-content\/uploads\/2022\/11\/ae0933_av_pages-to-jpg-0001-1.jpg\" alt=\"Ficha t\u00e9cnica AE 0933\" \/><\/a>\n                      <\/div>\n<\/p><\/div>\n<\/details>\n<\/div>\n<\/div>","protected":false},"featured_media":5134,"comment_status":"open","ping_status":"closed","template":"","meta":{"_acf_changed":false,"om_disable_all_campaigns":false},"product_brand":[],"product_cat":[101],"product_tag":[102,103],"class_list":{"0":"post-2899","1":"product","2":"type-product","3":"status-publish","4":"has-post-thumbnail","6":"product_cat-venta-de-mallorquinas-baratas","7":"product_tag-mallorquina","8":"product_tag-mallorquinas","10":"first","11":"instock","12":"shipping-taxable","13":"product-type-simple"},"acf":[],"aioseo_notices":[],"_links":{"self":[{"href":"https:\/\/aluminiosvallirana.es\/fr\/wp-json\/wp\/v2\/product\/2899","targetHints":{"allow":["GET"]}}],"collection":[{"href":"https:\/\/aluminiosvallirana.es\/fr\/wp-json\/wp\/v2\/product"}],"about":[{"href":"https:\/\/aluminiosvallirana.es\/fr\/wp-json\/wp\/v2\/types\/product"}],"replies":[{"embeddable":true,"href":"https:\/\/aluminiosvallirana.es\/fr\/wp-json\/wp\/v2\/comments?post=2899"}],"wp:featuredmedia":[{"embeddable":true,"href":"https:\/\/aluminiosvallirana.es\/fr\/wp-json\/wp\/v2\/media\/5134"}],"wp:attachment":[{"href":"https:\/\/aluminiosvallirana.es\/fr\/wp-json\/wp\/v2\/media?parent=2899"}],"wp:term":[{"taxonomy":"product_brand","embeddable":true,"href":"https:\/\/aluminiosvallirana.es\/fr\/wp-json\/wp\/v2\/product_brand?post=2899"},{"taxonomy":"product_cat","embeddable":true,"href":"https:\/\/aluminiosvallirana.es\/fr\/wp-json\/wp\/v2\/product_cat?post=2899"},{"taxonomy":"product_tag","embeddable":true,"href":"https:\/\/aluminiosvallirana.es\/fr\/wp-json\/wp\/v2\/product_tag?post=2899"}],"curies":[{"name":"wp","href":"https:\/\/api.w.org\/{rel}","templated":true}]}}