{"id":2901,"date":"2022-11-14T13:11:40","date_gmt":"2022-11-14T12:11:40","guid":{"rendered":"http:\/\/aluminiosvallirana.es\/?post_type=product&#038;p=2901"},"modified":"2023-01-16T17:24:44","modified_gmt":"2023-01-16T16:24:44","slug":"trabajos-artesanales-de-aluminio","status":"publish","type":"product","link":"https:\/\/aluminiosvallirana.es\/fr\/productos\/trabajos-artesanales-de-aluminio\/","title":{"rendered":"Artisanat en aluminium"},"content":{"rendered":"<div>\n<h2>TRABAJOS ARTESANALES DE ALUMINIO EN DIVERSOS ACABADOS<\/h2>\n<p class=\"descripcion\" style=\"text-align: justify;\">Aluminios Vallirana reta a ingenieros y proyectistas a cualquier trabajo en el curvado de aluminio, para poder ayudarles en sus proyectos y trabajos.<br \/>\nDebido a nuestros trabajos artesanales y de gran laboriosidad, con magn\u00edficos acabados y curvas y mallorquinas de gran calidad, hemos conseguido gran prestigio. Y por ello, aunque nuestra empresa est\u00e1 ubicada en Vallirana, ofrecemos ventanas curvas en el Baix Llobregat, as\u00ed como suministramos ventanas curvadas en Barcelona. Debido a la gran demanda y la expansi\u00f3n de nuestra empresa, nos hemos visto obligados a ofrecer nuestros productos por el resto del pa\u00eds, por tanto ofrecemos, ventanas curvas y ojos de buey en Espa\u00f1a, Islas Baleares, e Islas Canarias. Desde nuestra presencia y exposici\u00f3n en la feria de Veteco o Ifema, hemos realizado trabajos fuera del Pa\u00eds, as\u00ed como en Francia, Marruecos y Qatar.<br \/>\nNuestros trabajos artesanales pueden ser en cualquier acabado, e incluso en combinaci\u00f3n de acabados.<br \/>\nAdem\u00e1s ofrecemos la instalaci\u00f3n de nuestros trabajos artesanales, para poder completar unos trabajos de \u00e9xitos.\n<\/p>\n<\/div>","protected":false},"excerpt":{"rendered":"<div>\n<div>\n<h2>ENCUENTRE AQU\u00cd TRABAJOS ARTESANALES DE ALUMINIO<\/h2>\n<p style=\"text-align: justify;\">Aluminios Vallirana, se caracteriza por su especialidad en curvas de aluminio, y sobre todo, por intentar personalizar sus trabajos, es el l\u00edder indiscutible en este sector, con trabajos artesanales de gran envergadura y de mucha dedicaci\u00f3n y sofisticaci\u00f3n. Debido a nuestra experiencia, gente joven y comprometida, gran inversi\u00f3n, m\u00e1quinas de \u00faltima generaci\u00f3n y equipo t\u00e9cnico, somos capaces de fabricar lo que otros no se atreven ni a imaginar. De ah\u00ed nuestro eslogan. Gracias a nuestras nuevas t\u00e9cnicas de curvado y elaboraci\u00f3n de nuestras curvas, nuestros clientes nos eligen, para sus m\u00e1s comprometidos trabajos. Realizamos trabajos artesanales con cualquier serie y material, as\u00ed como en las aperturas y acabados. Trabajos artesanales de ventanas, trabajos artesanales de mallorquinas, trabajos artesanales de celos\u00edas, trabajos artesanales de barandas, trabajos artesanales de vallas de jard\u00edn, trabajos artesanales de cancelas de aluminio, trabajos artesanales de ventanas guillotinas, trabajos artesanales de ojos de buey.\n<\/p>\n<\/div>\n<\/div>","protected":false},"featured_media":4932,"comment_status":"open","ping_status":"closed","template":"","meta":{"_acf_changed":false,"om_disable_all_campaigns":false},"product_brand":[],"product_cat":[100],"product_tag":[105],"class_list":{"0":"post-2901","1":"product","2":"type-product","3":"status-publish","4":"has-post-thumbnail","6":"product_cat-aluminio-curvado-barato","7":"product_tag-trabajos-artesanales","9":"first","10":"instock","11":"shipping-taxable","12":"product-type-simple"},"acf":[],"aioseo_notices":[],"_links":{"self":[{"href":"https:\/\/aluminiosvallirana.es\/fr\/wp-json\/wp\/v2\/product\/2901","targetHints":{"allow":["GET"]}}],"collection":[{"href":"https:\/\/aluminiosvallirana.es\/fr\/wp-json\/wp\/v2\/product"}],"about":[{"href":"https:\/\/aluminiosvallirana.es\/fr\/wp-json\/wp\/v2\/types\/product"}],"replies":[{"embeddable":true,"href":"https:\/\/aluminiosvallirana.es\/fr\/wp-json\/wp\/v2\/comments?post=2901"}],"wp:featuredmedia":[{"embeddable":true,"href":"https:\/\/aluminiosvallirana.es\/fr\/wp-json\/wp\/v2\/media\/4932"}],"wp:attachment":[{"href":"https:\/\/aluminiosvallirana.es\/fr\/wp-json\/wp\/v2\/media?parent=2901"}],"wp:term":[{"taxonomy":"product_brand","embeddable":true,"href":"https:\/\/aluminiosvallirana.es\/fr\/wp-json\/wp\/v2\/product_brand?post=2901"},{"taxonomy":"product_cat","embeddable":true,"href":"https:\/\/aluminiosvallirana.es\/fr\/wp-json\/wp\/v2\/product_cat?post=2901"},{"taxonomy":"product_tag","embeddable":true,"href":"https:\/\/aluminiosvallirana.es\/fr\/wp-json\/wp\/v2\/product_tag?post=2901"}],"curies":[{"name":"wp","href":"https:\/\/api.w.org\/{rel}","templated":true}]}}