{"id":2903,"date":"2022-11-14T13:11:40","date_gmt":"2022-11-14T12:11:40","guid":{"rendered":"http:\/\/aluminiosvallirana.es\/?post_type=product&#038;p=2903"},"modified":"2023-01-16T17:02:11","modified_gmt":"2023-01-16T16:02:11","slug":"puertas-curvas","status":"publish","type":"product","link":"https:\/\/aluminiosvallirana.es\/fr\/productos\/puertas-curvas\/","title":{"rendered":"portes courbes"},"content":{"rendered":"<div>\n<h2 class=\"titulo_tab\">FABRICAMOS PUERTAS CURVAS CON CUALQUIER TIPOLOG\u00cdA DE CURVA<\/h2>\n<p style=\"text-align: justify;\">Nuestras puertas curvas pueden ser, puertas climalit con curva, puertas curvas con panel decorativo, puertas con vidrio o puertas paneladas con lamas machihembradas.<br \/>\nPueden llevar multitud de combinaciones con fijos, ventanas abatibles, ventanas oscilobatientes, ventanas herm\u00e9ticas, ventanas guillotinas, ventanas curvas, e incluso con lamas para ventilaci\u00f3n.<br \/>\nDisponemos de puertas curvas con series fr\u00edas, puertas curvas con rotura puente t\u00e9rmico, puertas curvas canal 16, puertas curvas con hoja oculta, puertas curvas con perfiles de serie coplanar.<br \/>\nLas puertas curvas que fabricamos y curvamos, pueden ser con series de Aluminios Barcelona, Centro Alum, Cortizo, Techna, Sch\u00fcco, Itesal Reynares, Indalsu, Exlabesa.\n<\/p>\n<\/div>","protected":false},"excerpt":{"rendered":"<div>\n<div>\n<h2>ENCUENTRE AQU\u00cd PUERTAS CURVAS<\/h2>\n<p style=\"text-align: justify;\">Realizamos puertas curvas de aluminio, somos fabricantes de puertas curvadas con precios econ\u00f3micos y de calidad. Fabricamos nuestras puertas curvas con m\u00faltiples opciones de dise\u00f1o y materiales, series con rotura y sin rotura t\u00e9rmica, y en todos los acabados posibles. Las puertas curvas que fabricamos pueden ser con cualquier tipolog\u00eda de curva, puertas de un radio, puertas de arco rebajado, puertas con curva mediterr\u00e1nea o tres radios, puertas de medio punto, puertas con curva rectil\u00ednea, puertas con forma circular, etc\u2026 Debido a nuestra experiencia y buen hacer, curvamos hoja grande de puertas para poder alojarles cerraduras de un punto o varios puntos, e incluso cerraduras de seguridad, adem\u00e1s de porteros autom\u00e1ticos, con clave de acceso, con tarjeta de seguridad, antip\u00e1nicos y en cualquier sistema de apertura. Adem\u00e1s, las disponemos en cualquier acabado, puertas curvas en lacado madera, puertas curvas en lacado est\u00e1ndar, puertas curvas en lacado futura, puertas curvas en lacado especial, puertas curvas en lacado texturado mate, puertas curvas en lacado blanco, puertas curvas en anodizado bronce, puertas curvas en anodizado plata y en cualquier otro acabado posible. Ofrecemos nuestras puertas curvas instaladas o \u00fanicamente el suministro de ellas. Adem\u00e1s de fabricantes, somos instaladores de puertas curvas o podemos ofrecerles nuestros instaladores. Pueden disponer de nuestras puertas curvas en poco tiempo y a unos precios incre\u00edbles.<\/p>\n<\/div>\n<div>\n<details>\n<summary>FICHES TECHNIQUES<\/summary>\n<div class=\"fila\">\n<div class=\"columna1\">\n                          <a title=\"Fiche technique\" href=\"\/multimedia\/fichas_tecnicas\/puertas_curvas\/alba40_av.pdf\" target=\"_blank\" rel=\"noopener\"> <img decoding=\"async\" class=\"imgtech1\" src=\"\/wp-content\/uploads\/2022\/11\/alba40_av_page-0001-1.jpg\" alt=\"Ficha t\u00e9cnica ALBA 40\" \/><\/a>\n                      <\/div>\n<div class=\"columna1\">\n                          <a title=\"Fiche technique\" href=\"\/multimedia\/fichas_tecnicas\/puertas_curvas\/alba65rpt_av.pdf\" target=\"_blank\" rel=\"noopener\"> <img decoding=\"async\" class=\"imgtech1\" src=\"\/wp-content\/uploads\/2022\/11\/alba65rpt_av_page-0001-1.jpg\" alt=\"Ficha t\u00e9cnica ALBA 65 RPT\" \/><\/a>\n                      <\/div>\n<div class=\"columna1\">\n                          <a title=\"Fiche technique\" href=\"\/multimedia\/fichas_tecnicas\/puertas_curvas\/alba65rptcanal16_av.pdf\" target=\"_blank\" rel=\"noopener\"> <img decoding=\"async\" class=\"imgtech1\" src=\"\/wp-content\/uploads\/2022\/11\/alba65rptcanal16_av_page-0001-1.jpg\" alt=\"Ficha t\u00e9cnica ALBA 65 RPT C16\" \/><\/a>\n                      <\/div>\n<\/p><\/div>\n<div class=\"fila\">\n<div class=\"columna1\">\n                          <a title=\"Fiche technique\" href=\"\/multimedia\/fichas_tecnicas\/puertas_curvas\/alfila45rpt_av.pdf\" target=\"_blank\" rel=\"noopener\"> <img decoding=\"async\" class=\"imgtech1\" src=\"\/wp-content\/uploads\/2022\/11\/alfila45rpt_av_page-0001.jpg\" alt=\"Ficha t\u00e9cnica ALFIL A45 RPT\" \/><\/a>\n                      <\/div>\n<div class=\"columna1\">\n                          <a title=\"Fiche technique\" href=\"\/multimedia\/fichas_tecnicas\/puertas_curvas\/ho70rpt_av.pdf\" target=\"_blank\" rel=\"noopener\"> <img decoding=\"async\" class=\"imgtech1\" src=\"\/wp-content\/uploads\/2022\/11\/ho70rpt_av_page-0001-1.jpg\" alt=\"Ficha t\u00e9cnica HOJA OCULTA HO70 RPT\" \/><\/a>\n                      <\/div>\n<div class=\"columna1\">\n                          <a title=\"Fiche technique\" href=\"\/multimedia\/fichas_tecnicas\/puertas_curvas\/ho70rptcanal16_av.pdf\" target=\"_blank\" rel=\"noopener\"> <img decoding=\"async\" class=\"imgtech1\" src=\"\/wp-content\/uploads\/2022\/11\/ho70rptcanal16_av_page-0001-1.jpg\" alt=\"Ficha t\u00e9cnica HOJA OCULTA HO70 RPT C16\" \/><\/a>\n                      <\/div>\n<\/p><\/div>\n<\/details>\n<\/div>","protected":false},"featured_media":4173,"comment_status":"open","ping_status":"closed","template":"","meta":{"_acf_changed":false,"om_disable_all_campaigns":false},"product_brand":[],"product_cat":[100],"product_tag":[107,108],"class_list":{"0":"post-2903","1":"product","2":"type-product","3":"status-publish","4":"has-post-thumbnail","6":"product_cat-aluminio-curvado-barato","7":"product_tag-puerta-curva","8":"product_tag-puertas-curvas","10":"first","11":"instock","12":"shipping-taxable","13":"product-type-simple"},"acf":[],"aioseo_notices":[],"_links":{"self":[{"href":"https:\/\/aluminiosvallirana.es\/fr\/wp-json\/wp\/v2\/product\/2903","targetHints":{"allow":["GET"]}}],"collection":[{"href":"https:\/\/aluminiosvallirana.es\/fr\/wp-json\/wp\/v2\/product"}],"about":[{"href":"https:\/\/aluminiosvallirana.es\/fr\/wp-json\/wp\/v2\/types\/product"}],"replies":[{"embeddable":true,"href":"https:\/\/aluminiosvallirana.es\/fr\/wp-json\/wp\/v2\/comments?post=2903"}],"wp:featuredmedia":[{"embeddable":true,"href":"https:\/\/aluminiosvallirana.es\/fr\/wp-json\/wp\/v2\/media\/4173"}],"wp:attachment":[{"href":"https:\/\/aluminiosvallirana.es\/fr\/wp-json\/wp\/v2\/media?parent=2903"}],"wp:term":[{"taxonomy":"product_brand","embeddable":true,"href":"https:\/\/aluminiosvallirana.es\/fr\/wp-json\/wp\/v2\/product_brand?post=2903"},{"taxonomy":"product_cat","embeddable":true,"href":"https:\/\/aluminiosvallirana.es\/fr\/wp-json\/wp\/v2\/product_cat?post=2903"},{"taxonomy":"product_tag","embeddable":true,"href":"https:\/\/aluminiosvallirana.es\/fr\/wp-json\/wp\/v2\/product_tag?post=2903"}],"curies":[{"name":"wp","href":"https:\/\/api.w.org\/{rel}","templated":true}]}}