{"id":2904,"date":"2022-11-14T13:11:40","date_gmt":"2022-11-14T12:11:40","guid":{"rendered":"http:\/\/aluminiosvallirana.es\/?post_type=product&#038;p=2904"},"modified":"2022-12-29T15:30:55","modified_gmt":"2022-12-29T14:30:55","slug":"persianas-y-mosquiteras-curvas","status":"publish","type":"product","link":"https:\/\/aluminiosvallirana.es\/fr\/productos\/persianas-y-mosquiteras-curvas\/","title":{"rendered":"Mosquiteras curvadas"},"content":{"rendered":"<div>\n<h2 class=\"titulo_tab\">INSTALACI\u00d3N DE PERSIANAS Y MOSQUITERAS CURVAS<\/h2>\n<p style=\"text-align: justify;\">Disponemos de estos tipos de ventanas curvas con persianas incorporadas: ventanas curvas fijas con persiana compacto o monoblock, ventanas curvas practicables (1, 2, 3 y 4 hojas) con persiana compacto o monoblock, ventanas curvas oscilobatientes con persiana compacto o monoblock, ventanas curvas abatibles con persiana compacto o monoblock, ventanas curvas pivotantes con persiana compacto o monoblock, ventanas curvas climalit con persiana compacto o monoblock, ventanas curvas fijas con persiana o registro de obra, ventanas curvas practicables (1, 2, 3 y 4 hojas) con persiana o registro de obra, ventanas curvas oscilobatientes con persiana o registro de obra, ventanas curvas abatibles con persiana o registro de obra, ventanas curvas pivotantes con persiana o registro de obra, ventanas curvas climalit con persiana o registro de obra.\n<\/p>\n<\/div>","protected":false},"excerpt":{"rendered":"<div>\n<div>\n<h2>ENCUENTRE AQU\u00cd PERSIANAS Y MOSQUITERAS CURVAS<\/h2>\n<p style=\"text-align: justify;\">Aluminios Vallirana, es fabricante de mosquiteras curvas, las mosquiteras curvas que fabricamos pueden ser fijas o practicables, y siempre en el mismo acabado que el resto de carpinter\u00eda, si van con otras piezas. Disponemos de mosquiteras curvas fijas, para huecos fijos o para acoplarlas a las ventanas. Mosquiteras fijas, para poder adaptarlas a continuaci\u00f3n de mosquiteras enrollables verticales u horizontales, para salvar las zonas curvas, donde s\u00f3lo pueden ser fijas. Tambi\u00e9n fabricamos mosquiteras curvas practicables ventanas, mosquiteras curvas practicables balconeras, mosquiteras curvas de apertura exterior, mosquiteras curvas de un radio o arco rebajado, mosquiteras curvas circulares, mosquiteras curvas semicirculares, mosquiteras curvas de  medio punto, mosquiteras curvas de tres radios o curva mediterr\u00e1nea. La principal caracter\u00edstica es que pueden ser en cualquier acabado posible, y siempre con el mismo acabado de la perfiler\u00eda, del resto de carpinter\u00eda: mosquiteras curvas lacadas, mosquiteras curvas lacadas madera y mosquiteras curvas anodizadas. Los registros de persiana, para las persianas de obra, siempre van encima de la zona curva, ofreciendo la misma tapa de persiana recortada con su forma curva, totalmente acabada. La especialidad de Aluminios Vallirana, es el curvado, por tanto, ofrecemos cualquier tipo de ventana curva posible con su persiana incorporada. Fabricamos nuestras ventanas curvas con los diferentes tipos de persiana, persianas compacto de PVC, persianas compacto de aluminio, persianas de obra de PVC y persianas de obra de aluminio. La principal caracter\u00edstica de nuestras ventanas curvas con persianas de aluminio incorporadas, es que siempre son del mismo color que el resto de carpinter\u00eda utilizada. Lacadas y anodizadas.\n<\/p>\n<\/div>\n<\/div>","protected":false},"featured_media":4143,"comment_status":"open","ping_status":"closed","template":"","meta":{"_acf_changed":false,"om_disable_all_campaigns":false},"product_brand":[],"product_cat":[100],"product_tag":[109,110],"class_list":{"0":"post-2904","1":"product","2":"type-product","3":"status-publish","4":"has-post-thumbnail","6":"product_cat-aluminio-curvado-barato","7":"product_tag-mosquiteras-curvas","8":"product_tag-persianas-curvas","10":"first","11":"instock","12":"shipping-taxable","13":"product-type-simple"},"acf":[],"aioseo_notices":[],"_links":{"self":[{"href":"https:\/\/aluminiosvallirana.es\/fr\/wp-json\/wp\/v2\/product\/2904","targetHints":{"allow":["GET"]}}],"collection":[{"href":"https:\/\/aluminiosvallirana.es\/fr\/wp-json\/wp\/v2\/product"}],"about":[{"href":"https:\/\/aluminiosvallirana.es\/fr\/wp-json\/wp\/v2\/types\/product"}],"replies":[{"embeddable":true,"href":"https:\/\/aluminiosvallirana.es\/fr\/wp-json\/wp\/v2\/comments?post=2904"}],"wp:featuredmedia":[{"embeddable":true,"href":"https:\/\/aluminiosvallirana.es\/fr\/wp-json\/wp\/v2\/media\/4143"}],"wp:attachment":[{"href":"https:\/\/aluminiosvallirana.es\/fr\/wp-json\/wp\/v2\/media?parent=2904"}],"wp:term":[{"taxonomy":"product_brand","embeddable":true,"href":"https:\/\/aluminiosvallirana.es\/fr\/wp-json\/wp\/v2\/product_brand?post=2904"},{"taxonomy":"product_cat","embeddable":true,"href":"https:\/\/aluminiosvallirana.es\/fr\/wp-json\/wp\/v2\/product_cat?post=2904"},{"taxonomy":"product_tag","embeddable":true,"href":"https:\/\/aluminiosvallirana.es\/fr\/wp-json\/wp\/v2\/product_tag?post=2904"}],"curies":[{"name":"wp","href":"https:\/\/api.w.org\/{rel}","templated":true}]}}