{"id":2907,"date":"2022-11-14T13:11:40","date_gmt":"2022-11-14T12:11:40","guid":{"rendered":"http:\/\/aluminiosvallirana.es\/?post_type=product&#038;p=2907"},"modified":"2023-01-17T16:57:50","modified_gmt":"2023-01-17T15:57:50","slug":"mallorquinas-correderas","status":"publish","type":"product","link":"https:\/\/aluminiosvallirana.es\/fr\/productos\/mallorquinas-correderas\/","title":{"rendered":"volets coulissants"},"content":{"rendered":"<p class=\"descripcion\" style=\"text-align: justify;\">CORREDERA ALBA 80: marco liso 80 mm, hojas de 80 mm, con alineamiento mediante escuadras inox, capacidad de acristalamiento 30 mm, canal para forros clipados, combinable con las series Alba Abisagraday Alfil 45, apertura 2, 3, y 4 hojas, carril inferior intercambiable, amplia gama de accesorios y herrajes. Aluminios Vallirana, es fabricante directo de mallorquinas y ofrece la instalaci\u00f3n de sus mallorquinas correderas o la distribuci\u00f3n de las mismas a sus instaladores de mallorquinas, por toda la Pen\u00ednsula y Baleares. Somos fabricantes de mallorquinas correderas de aluminio para fachada al mejor precio.<br \/>\nLes ofrecemos los diferentes modelos de mallorquinas correderas de aluminio:, mallorquinas correderas de 1 hoja en un carril o gu\u00eda, mallorquinas correderas de 2 hojas en un carril, mallorquinas correderas de 3 hojas en dos carriles, mallorquinas correderas de 4 hojas en dos carriles, mallorquinas correderas de 3 hojas en tres carriles, mallorquinas correderas con multitud de hojas y varios carriles.<br \/>\nNuestras mallorquinas correderas pueden ser, mallorquinas correderas de lama fija o mallorquinas correderas de lama m\u00f3vil u orientable.<\/p>","protected":false},"excerpt":{"rendered":"<div>\n<div>\n<h2>ENCUENTRE AQU\u00cd VENTANAS DE ALUMINIO CORREDERAS<\/h2>\n<p style=\"text-align: justify;\">Somos f\u00e1brica de ventanas correderas de aluminio, ventanas correderas de aluminio al mejor precio y calidad. Ofrecemos la instalaci\u00f3n de las ventanas correderas, al igual que la distribuci\u00f3n de ventanas correderas de aluminio en Barcelona y alrededores. O les proporcionamos instaladores de ventanas de aluminio, para poder ayudar les en sus proyectos. Ventanas correderas de aluminio para edificios, ventanas correderas de aluminio para la rehabilitaci\u00f3n de fachadas, ventanas correderas de aluminio climalit para casas y chalets.<br \/>\nFabricamos todas las grandes series del mercado, pero las que m\u00e1s nos piden nuestros clientes, son las de Aluminios Barcelona, Cortizo, Technal y Centro Alum.<br \/>\nCORREDERA ALBA 60: marco liso 60\/62 mm, hojas de 62 y 50 mm, con alineamiento mediante escuadras inox, capacidad de acristalamiento 16mm, canal para forros clipados, combinable con las series Alba Abisagraday Alfil 45, apertura 2, 3, y 4 hojas, amplia gama de accesorios y herrajes.<br \/>\nCORREDERA ALBA 70: marco liso 70 mm y con onda 65 mm, hojas de 70 y 57 mm, con alineamiento mediante escuadras inox, capacidad de acristalamiento 20 mm, canal para forros clipados, combinable con las series Alba Abisagraday Alfil 45, apertura 2, 3, y 4 hojas, carril inferior intercambiable, amplia gama de accesorios y herrajes.<\/p>\n<\/p><\/div>\n<div>\n<details>\n<summary>FICHES TECHNIQUES<\/summary>\n<div class=\"fila\">\n<div class=\"columna1\">\n                          <a title=\"Fiche technique\" href=\"\/multimedia\/fichas_tecnicas\/mallorquinas\/ae0933_av.pdf\" target=\"_blank\" rel=\"noopener\"> <img decoding=\"async\" class=\"imgtech1\" src=\"\/wp-content\/uploads\/2022\/11\/ae0933_av_pages-to-jpg-0001-1.jpg\" alt=\"Ficha t\u00e9cnica AE 0933\" \/><\/a>\n                      <\/div>\n<\/p><\/div>\n<\/details>\n<\/div>\n<\/div>","protected":false},"featured_media":4395,"comment_status":"open","ping_status":"closed","template":"","meta":{"_acf_changed":false,"om_disable_all_campaigns":false},"product_brand":[],"product_cat":[101],"product_tag":[115,116],"class_list":{"0":"post-2907","1":"product","2":"type-product","3":"status-publish","4":"has-post-thumbnail","6":"product_cat-venta-de-mallorquinas-baratas","7":"product_tag-mallorquina-corredera","8":"product_tag-mallorquinas-correderas","10":"first","11":"instock","12":"shipping-taxable","13":"product-type-simple"},"acf":[],"aioseo_notices":[],"_links":{"self":[{"href":"https:\/\/aluminiosvallirana.es\/fr\/wp-json\/wp\/v2\/product\/2907","targetHints":{"allow":["GET"]}}],"collection":[{"href":"https:\/\/aluminiosvallirana.es\/fr\/wp-json\/wp\/v2\/product"}],"about":[{"href":"https:\/\/aluminiosvallirana.es\/fr\/wp-json\/wp\/v2\/types\/product"}],"replies":[{"embeddable":true,"href":"https:\/\/aluminiosvallirana.es\/fr\/wp-json\/wp\/v2\/comments?post=2907"}],"wp:featuredmedia":[{"embeddable":true,"href":"https:\/\/aluminiosvallirana.es\/fr\/wp-json\/wp\/v2\/media\/4395"}],"wp:attachment":[{"href":"https:\/\/aluminiosvallirana.es\/fr\/wp-json\/wp\/v2\/media?parent=2907"}],"wp:term":[{"taxonomy":"product_brand","embeddable":true,"href":"https:\/\/aluminiosvallirana.es\/fr\/wp-json\/wp\/v2\/product_brand?post=2907"},{"taxonomy":"product_cat","embeddable":true,"href":"https:\/\/aluminiosvallirana.es\/fr\/wp-json\/wp\/v2\/product_cat?post=2907"},{"taxonomy":"product_tag","embeddable":true,"href":"https:\/\/aluminiosvallirana.es\/fr\/wp-json\/wp\/v2\/product_tag?post=2907"}],"curies":[{"name":"wp","href":"https:\/\/api.w.org\/{rel}","templated":true}]}}