{"id":2908,"date":"2022-11-14T13:11:40","date_gmt":"2022-11-14T12:11:40","guid":{"rendered":"http:\/\/aluminiosvallirana.es\/?post_type=product&#038;p=2908"},"modified":"2023-01-27T11:42:48","modified_gmt":"2023-01-27T10:42:48","slug":"mallorquinas-plegables-deslizantes","status":"publish","type":"product","link":"https:\/\/aluminiosvallirana.es\/fr\/productos\/mallorquinas-plegables-deslizantes\/","title":{"rendered":"volets pliants coulissants"},"content":{"rendered":"<p class=\"descripcion\" style=\"text-align: justify;\">Fabricamos mallorquinas plegables deslizantes\u00a0 de lama fija y mallorquinas plegables deslizantes\u00a0 de lama m\u00f3vil. En los dos casos pueden ser mallorquinas plegables deslizantes\u00a0 de seguridad, ya que se realizan mediante varilla acero inox y portalamas reforzados. Y por tanto, la posibilidad de mallorquinas plegables deslizantes con cerraduras de seguridad. Los modelos de lamas que disponemos para las mallorquinas plegables deslizantes, son: mallorquinas con lama fija de 50&#215;10 u ovalina, mallorquinas con lama fija 35&#215;8, mallorquinas con lama fija Z-60, mallorquinas con lama Z-90, mallorquinas con lama fija Y-90, mallorquinas de aluminio con lama ovalada 120. Fabricamos Mallorquinas plegables deslizantes de aluminio o coarrugables al mejor precio. Tambi\u00e9n podemos ofrecer mallorquinas de lama machihembrada ciega de 120. Varios tipos en mallorquinas con lama orientable: mallorquinas de aluminio lama m\u00f3vil de 70 o naco, mallorquinas de aluminio lama m\u00f3vil ovalada 120, mallorquinas de aluminio lama m\u00f3vil 140, mallorquinas de aluminio lama m\u00f3vil 140 PVC. La orientaci\u00f3n de las lamas puede ser gracias a nuestros mecanismos homologados, mediante 7 tipos de mandos. Es posible lacar los mecanismos en RAL est\u00e1ndar o RAL especial. Consultar opciones.<\/p>","protected":false},"excerpt":{"rendered":"<div>\n<div>\n<h2>ENCUENTRE AQU\u00cd MALLORQUINAS PLEGABLES DESLIZANTES<\/h2>\n<p style=\"text-align: justify;\">Fabricamos mallorquinas plegables deslizantes de aluminio (o coarrugables), mallorquinas plegables deslizantes al mejor precio y con infinidad de soluciones. Las mallorquinas plegables deslizantes van suspendidas de una gu\u00eda superior, mediante unos carros superiores y guiadores inferiores, ambos con regulaci\u00f3n en altura. Estas mallorquinas plegables deslizantes pueden ser con marco abierto o cerrado, en el caso de ser marco abierto, llevan una gu\u00eda u omega para empotrar. 2 modelos de mallorquinas plegables deslizantes, se pueden fabricar tanto en series de 40&#215;40, como en series de c\u00e1mara europea y herrajes europeos de mercado. Se recomiendan que las hojas oscilen entre 60 y 70 cent\u00edmetros de anchas para un \u00f3ptimo deslizamiento y regulaci\u00f3n. Somos fabricantes de mallorquinas plegables deslizantes de aluminio, pero a su vez, ofrecemos la distribuci\u00f3n e instalaci\u00f3n de las mallorquinas plegables deslizantes. Las mallorquinas plegables deslizantes, son mallorquinas practicables que plegan y deslizan a su vez por una gu\u00eda superior desde donde van suspendidas las hojas y una gu\u00eda inferior que sirve para guiarlas en su recorrido. Pueden ser desde 2 hojas, hasta innumerables hojas y combinaciones. Pueden ser tanto hojas pares, como impares. Ejemplo de combinaciones: (1+2), (2+2), (1+3), (2+3), (3+3), (0+3), (0+4), (1+4), (2+4), (3+4), etc\u2026.<\/p>\n<\/div>\n<div>\n<details>\n<summary>FICHES TECHNIQUES<\/summary>\n<div class=\"fila\">\n<div class=\"columna1\">\n                          <a title=\"Fiche technique\" href=\"\/multimedia\/fichas_tecnicas\/mallorquinas\/ae0932_av.pdf\" target=\"_blank\" rel=\"noopener\"> <img decoding=\"async\" class=\"imgtech1\" src=\"\/wp-content\/uploads\/2022\/11\/ae0932_av_pages-to-jpg-0001.jpg\" alt=\"Ficha t\u00e9cnica AE 0932\" \/><\/a>\n                      <\/div>\n<div class=\"columna1\">\n                          <a title=\"Fiche technique\" href=\"\/multimedia\/fichas_tecnicas\/mallorquinas\/ae0933_av.pdf\" target=\"_blank\" rel=\"noopener\"> <img decoding=\"async\" class=\"imgtech1\" src=\"\/wp-content\/uploads\/2022\/11\/ae0933_av_pages-to-jpg-0001-1.jpg\" alt=\"Ficha t\u00e9cnica AE 0933\" \/><\/a>\n                      <\/div>\n<\/p><\/div>\n<\/details>\n<\/div>\n<\/div>","protected":false},"featured_media":4917,"comment_status":"open","ping_status":"closed","template":"","meta":{"_acf_changed":false,"om_disable_all_campaigns":false},"product_brand":[],"product_cat":[101],"product_tag":[117,118],"class_list":{"0":"post-2908","1":"product","2":"type-product","3":"status-publish","4":"has-post-thumbnail","6":"product_cat-venta-de-mallorquinas-baratas","7":"product_tag-mallorquina-plegable-deslizante","8":"product_tag-mallorquinas-plegables-deslizantes","10":"first","11":"instock","12":"shipping-taxable","13":"product-type-simple"},"acf":[],"aioseo_notices":[],"_links":{"self":[{"href":"https:\/\/aluminiosvallirana.es\/fr\/wp-json\/wp\/v2\/product\/2908","targetHints":{"allow":["GET"]}}],"collection":[{"href":"https:\/\/aluminiosvallirana.es\/fr\/wp-json\/wp\/v2\/product"}],"about":[{"href":"https:\/\/aluminiosvallirana.es\/fr\/wp-json\/wp\/v2\/types\/product"}],"replies":[{"embeddable":true,"href":"https:\/\/aluminiosvallirana.es\/fr\/wp-json\/wp\/v2\/comments?post=2908"}],"wp:featuredmedia":[{"embeddable":true,"href":"https:\/\/aluminiosvallirana.es\/fr\/wp-json\/wp\/v2\/media\/4917"}],"wp:attachment":[{"href":"https:\/\/aluminiosvallirana.es\/fr\/wp-json\/wp\/v2\/media?parent=2908"}],"wp:term":[{"taxonomy":"product_brand","embeddable":true,"href":"https:\/\/aluminiosvallirana.es\/fr\/wp-json\/wp\/v2\/product_brand?post=2908"},{"taxonomy":"product_cat","embeddable":true,"href":"https:\/\/aluminiosvallirana.es\/fr\/wp-json\/wp\/v2\/product_cat?post=2908"},{"taxonomy":"product_tag","embeddable":true,"href":"https:\/\/aluminiosvallirana.es\/fr\/wp-json\/wp\/v2\/product_tag?post=2908"}],"curies":[{"name":"wp","href":"https:\/\/api.w.org\/{rel}","templated":true}]}}