{"id":2909,"date":"2022-11-14T13:11:40","date_gmt":"2022-11-14T12:11:40","guid":{"rendered":"http:\/\/aluminiosvallirana.es\/?post_type=product&#038;p=2909"},"modified":"2023-01-17T17:32:50","modified_gmt":"2023-01-17T16:32:50","slug":"mallorquinas-practicables","status":"publish","type":"product","link":"https:\/\/aluminiosvallirana.es\/fr\/productos\/mallorquinas-practicables\/","title":{"rendered":"volets praticables"},"content":{"rendered":"<p class=\"descripcion\" style=\"text-align: justify;\">Nous fabriquons des volets praticables de qualit\u00e9, offres de volets praticables. Nous fabriquons toute la gamme possible de volets aluminium : volets praticables 1 vantail, volets praticables 2 vantaux, volets praticables 3 vantaux, volets praticables 4 vantaux, volets praticables 2 vantaux, volets praticables 3 vantaux, volets Ouvrables 4- vantail ouvrant, volets ouvrants simples saillants 1 vantail, volets ouvrants doubles saillants 2 vantaux. Toutes les combinaisons possibles. Nous r\u00e9alisons des volets praticables en aluminium \u00e0 lamelle fixe et des volets praticables en aluminium \u00e0 lamelle mobile. Nous fabriquons \u00e9galement des volets de s\u00e9curit\u00e9 praticables, aussi bien en lames fixes, qu&#039;en lames mobiles ou orientables. Toujours fabriqu\u00e9 \u00e0 l&#039;aide d&#039;une tige en acier inoxydable et de porte-lames renforc\u00e9s. Avec l&#039;option de volets praticables avec serrure de s\u00e9curit\u00e9. Les volets praticables peuvent \u00eatre avec un cadre ou avec des charni\u00e8res rustiques directement au mur comme une porte ext\u00e9rieure. Typologie des mod\u00e8les : volets praticables \u00e0 lames fixes 50\u00d710 ou ovales, volets praticables \u00e0 lames fixes 35\u00d78, volets praticables \u00e0 lames fixes Z-60, volets praticables \u00e0 lames Z-90, volets praticables Y-90, 120 lames ovales volets praticables .<\/p>","protected":false},"excerpt":{"rendered":"<div>\n<div>\n<h2>RETROUVEZ LES FICHES DE MAJORQUE PRATIQUE ICI<\/h2>\n<p style=\"text-align: justify;\">Nous fabriquons des volets praticables de qualit\u00e9, si vous recherchez des offres sur des volets praticables, vous les trouverez chez Aluminios Vallirana, les volets praticables les meilleurs et les plus \u00e9conomiques. Majorquines praticables \u00e0 Barcelone, en Catalogne, dans la P\u00e9ninsule et aux Bal\u00e9ares. Nous sommes fabricants directs de volets praticables, de plus, nous pouvons vous proposer la pose de volets praticables, ainsi que la distribution de volets praticables sur toute la Presqu&#039;\u00eele. Les volets praticables sont les stores en aluminium, car ils permettent de r\u00e9guler l&#039;entr\u00e9e de la lumi\u00e8re, bien qu&#039;ils agissent comme une grille ou un volet en aluminium, offrant des caract\u00e9ristiques d&#039;isolation et de s\u00e9curit\u00e9. Nous fabriquons des volets praticables en aluminium pour maisons individuelles, pour maisons unifamiliales ou chalets, pour appartements, et m\u00eame des volets praticables pour immeubles. En bref, les volets praticables sont un \u00e9l\u00e9ment de protection solaire, qui r\u00e9gule l&#039;entr\u00e9e de la lumi\u00e8re, offre la s\u00e9curit\u00e9, ainsi que l&#039;isolation. \u00catre un \u00e9l\u00e9ment de d\u00e9coration, apportant une touche d&#039;\u00e9l\u00e9gance et de distinction \u00e0 votre int\u00e9rieur. Ouverture normale : 1 ou 2 vantaux, ouverture pliante : 3 ou 4 vantaux. Grands feuillets lat\u00e9raux et charni\u00e8re \u00e0 large lame, livret praticable : 2 ou 4 feuillets. 3 poign\u00e9es 4 vantaux \u2013 2 poign\u00e9es 2 vantaux, vantail d\u00e9bordant : double ou simple.<\/p>\n<\/div>\n<div>\n<details>\n<summary>FICHES TECHNIQUES<\/summary>\n<div class=\"fila\">\n<div class=\"columna1\">\n                          <a title=\"Fiche technique\" href=\"\/multimedia\/fichas_tecnicas\/mallorquinas\/ae0932_av.pdf\" target=\"_blank\" rel=\"noopener\"> <img decoding=\"async\" class=\"imgtech1\" src=\"\/wp-content\/uploads\/2022\/11\/ae0932_av_pages-to-jpg-0001.jpg\" alt=\"Ficha t\u00e9cnica AE 0932\" \/><\/a>\n                      <\/div>\n<div class=\"columna1\">\n                          <a title=\"Fiche technique\" href=\"\/multimedia\/fichas_tecnicas\/mallorquinas\/ae0933_av.pdf\" target=\"_blank\" rel=\"noopener\"> <img decoding=\"async\" class=\"imgtech1\" src=\"\/wp-content\/uploads\/2022\/11\/ae0933_av_pages-to-jpg-0001-1.jpg\" alt=\"Ficha t\u00e9cnica AE 0933\" \/><\/a>\n                      <\/div>\n<\/p><\/div>\n<\/details>\n<\/div>\n<\/div>","protected":false},"featured_media":4135,"comment_status":"open","ping_status":"closed","template":"","meta":{"_acf_changed":false,"om_disable_all_campaigns":false},"product_brand":[],"product_cat":[101],"product_tag":[119,120],"class_list":{"0":"post-2909","1":"product","2":"type-product","3":"status-publish","4":"has-post-thumbnail","6":"product_cat-venta-de-mallorquinas-baratas","7":"product_tag-mallorquina-practicable","8":"product_tag-mallorquinas-practicables","10":"first","11":"instock","12":"shipping-taxable","13":"product-type-simple"},"acf":[],"aioseo_notices":[],"_links":{"self":[{"href":"https:\/\/aluminiosvallirana.es\/fr\/wp-json\/wp\/v2\/product\/2909","targetHints":{"allow":["GET"]}}],"collection":[{"href":"https:\/\/aluminiosvallirana.es\/fr\/wp-json\/wp\/v2\/product"}],"about":[{"href":"https:\/\/aluminiosvallirana.es\/fr\/wp-json\/wp\/v2\/types\/product"}],"replies":[{"embeddable":true,"href":"https:\/\/aluminiosvallirana.es\/fr\/wp-json\/wp\/v2\/comments?post=2909"}],"wp:featuredmedia":[{"embeddable":true,"href":"https:\/\/aluminiosvallirana.es\/fr\/wp-json\/wp\/v2\/media\/4135"}],"wp:attachment":[{"href":"https:\/\/aluminiosvallirana.es\/fr\/wp-json\/wp\/v2\/media?parent=2909"}],"wp:term":[{"taxonomy":"product_brand","embeddable":true,"href":"https:\/\/aluminiosvallirana.es\/fr\/wp-json\/wp\/v2\/product_brand?post=2909"},{"taxonomy":"product_cat","embeddable":true,"href":"https:\/\/aluminiosvallirana.es\/fr\/wp-json\/wp\/v2\/product_cat?post=2909"},{"taxonomy":"product_tag","embeddable":true,"href":"https:\/\/aluminiosvallirana.es\/fr\/wp-json\/wp\/v2\/product_tag?post=2909"}],"curies":[{"name":"wp","href":"https:\/\/api.w.org\/{rel}","templated":true}]}}