{"id":2911,"date":"2022-11-14T13:11:40","date_gmt":"2022-11-14T12:11:40","guid":{"rendered":"http:\/\/aluminiosvallirana.es\/?post_type=product&#038;p=2911"},"modified":"2023-01-18T17:02:40","modified_gmt":"2023-01-18T16:02:40","slug":"porticones-interiores-en-aluminio","status":"publish","type":"product","link":"https:\/\/aluminiosvallirana.es\/fr\/productos\/porticones-interiores-en-aluminio\/","title":{"rendered":"Volets int\u00e9rieurs en aluminium"},"content":{"rendered":"<h2 class=\"titulo_tab\">INSTALLATION DE PORTAILS INT\u00c9RIEURS EN ALUMINIUM<\/h2>\n<p class=\"descripcion\" style=\"text-align: justify;\">Nous avons des volets int\u00e9rieurs abordables et de qualit\u00e9, ils peuvent \u00eatre dans toutes les finitions possibles : volets int\u00e9rieurs en aluminium laqu\u00e9 blanc, volets int\u00e9rieurs en aluminium laqu\u00e9 standard, volets int\u00e9rieurs en aluminium laqu\u00e9 futura, volets int\u00e9rieurs en aluminium laqu\u00e9 sp\u00e9cial, volets int\u00e9rieurs en aluminium laqu\u00e9 textur\u00e9 mat, volets int\u00e9rieurs en aluminium laqu\u00e9 bois volets int\u00e9rieurs, volets int\u00e9rieurs en aluminium anodis\u00e9 bronze, volets int\u00e9rieurs en aluminium anodis\u00e9 argent, et m\u00eame volets int\u00e9rieurs en aluminium feuillet\u00e9.<br \/>\nLes volets int\u00e9rieurs sont fabriqu\u00e9s pour les fen\u00eatres droites, les volets int\u00e9rieurs pour les fen\u00eatres profil\u00e9es, ainsi que notre sp\u00e9cialit\u00e9 dans les volets int\u00e9rieurs courbes, pour les fen\u00eatres courbes et fixes.<\/p>","protected":false},"excerpt":{"rendered":"<div>\n<h2>TROUVEZ LES PORTES INT\u00c9RIEURES EN ALUMINIUM ICI<\/h2>\n<p style=\"text-align: justify;\">Nous sommes fabricants de volets int\u00e9rieurs en aluminium, de volets en aluminium pour portes et fen\u00eatres fixes aux prix du march\u00e9 et de haute qualit\u00e9.<br \/>\nSi vous recherchez des volets int\u00e9rieurs en aluminium \u00e0 Barcelone et des volets int\u00e9rieurs en aluminium en Espagne, il vous suffit de visiter et de contacter Aluminios Vallirana.<br \/>\nSolution classique et pratique pour emp\u00eacher l&#039;entr\u00e9e de la lumi\u00e8re. Il peut \u00eatre install\u00e9 sur des fixes ou praticables qui ont l&#039;\u00e9paisseur minimale pour adapter les charni\u00e8res et la fermeture. \u00c9tant en aluminium extrud\u00e9, la couleur correspond \u00e0 la menuiserie.<br \/>\nLe portail int\u00e9rieur en aluminium est compos\u00e9 d&#039;un profil de cadre minimaliste et de lattes verticales ou horizontales de 60 mm.Ce portail int\u00e9rieur s&#039;adapte sur des fen\u00eatres fixes ou praticables qui ont une \u00e9paisseur minimale pour placer les charni\u00e8res et la fermeture. Le volet int\u00e9rieur, \u00e9tant en aluminium extrud\u00e9, correspond \u00e0 la couleur de la fen\u00eatre ou de la menuiserie o\u00f9 il va \u00eatre install\u00e9. En plus d&#039;\u00eatre des fabricants directs de volets en aluminium, et d&#039;en proposer la distribution, nous pouvons installer votre volet l\u00e0 o\u00f9 vous le souhaitez.<\/p>\n<\/div>","protected":false},"featured_media":4305,"comment_status":"open","ping_status":"closed","template":"","meta":{"_acf_changed":false,"om_disable_all_campaigns":false},"product_brand":[],"product_cat":[123],"product_tag":[124,125],"class_list":{"0":"post-2911","1":"product","2":"type-product","3":"status-publish","4":"has-post-thumbnail","6":"product_cat-porticones","7":"product_tag-porticon-interior","8":"product_tag-porticones-interiores","10":"first","11":"instock","12":"shipping-taxable","13":"product-type-simple"},"acf":[],"aioseo_notices":[],"_links":{"self":[{"href":"https:\/\/aluminiosvallirana.es\/fr\/wp-json\/wp\/v2\/product\/2911","targetHints":{"allow":["GET"]}}],"collection":[{"href":"https:\/\/aluminiosvallirana.es\/fr\/wp-json\/wp\/v2\/product"}],"about":[{"href":"https:\/\/aluminiosvallirana.es\/fr\/wp-json\/wp\/v2\/types\/product"}],"replies":[{"embeddable":true,"href":"https:\/\/aluminiosvallirana.es\/fr\/wp-json\/wp\/v2\/comments?post=2911"}],"wp:featuredmedia":[{"embeddable":true,"href":"https:\/\/aluminiosvallirana.es\/fr\/wp-json\/wp\/v2\/media\/4305"}],"wp:attachment":[{"href":"https:\/\/aluminiosvallirana.es\/fr\/wp-json\/wp\/v2\/media?parent=2911"}],"wp:term":[{"taxonomy":"product_brand","embeddable":true,"href":"https:\/\/aluminiosvallirana.es\/fr\/wp-json\/wp\/v2\/product_brand?post=2911"},{"taxonomy":"product_cat","embeddable":true,"href":"https:\/\/aluminiosvallirana.es\/fr\/wp-json\/wp\/v2\/product_cat?post=2911"},{"taxonomy":"product_tag","embeddable":true,"href":"https:\/\/aluminiosvallirana.es\/fr\/wp-json\/wp\/v2\/product_tag?post=2911"}],"curies":[{"name":"wp","href":"https:\/\/api.w.org\/{rel}","templated":true}]}}