{"id":2912,"date":"2022-11-14T13:11:40","date_gmt":"2022-11-14T12:11:40","guid":{"rendered":"http:\/\/aluminiosvallirana.es\/?post_type=product&#038;p=2912"},"modified":"2023-01-18T16:56:17","modified_gmt":"2023-01-18T15:56:17","slug":"porticones-exteriores-de-aluminio","status":"publish","type":"product","link":"https:\/\/aluminiosvallirana.es\/fr\/productos\/porticones-exteriores-de-aluminio\/","title":{"rendered":"Volets ext\u00e9rieurs en aluminium"},"content":{"rendered":"<h2 class=\"titulo_tab\">FABRICANTES Y DISTRIBUIDORES DE PORTICONES EXTERIORES DE ALUMINIO<\/h2>\n<p class=\"descripcion\" style=\"text-align: justify;\">Los porticones exteriores se pueden fabricar tanto con formas rectas, como con formas inclinadas, asi como nuestra especialidad en porticones exteriores curvados. Los porticones exteriores de aluminio, los fabricamos en todos los acabados posibles existentes en el mercado;  porticones exteriores de aluminio lacado blanco, porticones exteriores de aluminio lacado est\u00e1ndar, porticones exteriores de aluminio lacado futura, porticones exteriores de aluminio lacado especial, porticones exteriores de aluminio lacado texturado mate, porticones exteriores de aluminio lacado madera, porticones exteriores de aluminio anodizado bronce, porticones exteriores de aluminio anodizado plata, e incluso porticones exteriores de aluminio foliados.<\/p>","protected":false},"excerpt":{"rendered":"<div>\n<div>\n<h2>TROUVEZ LES PORTES EXT\u00c9RIEURES EN ALUMINIUM ICI<\/h2>\n<p style=\"text-align: justify;\">Fabricamos porticones exteriores de aluminio, porticones exteriores para casas y porticones exteriores de aluminio para edificios, a precios econ\u00f3micos y con calidad contrastada.<br \/>\nVarias opciones: con marco, sin macro con bisagras r\u00fasticas a pared; Con cualquier tipo de lama o sandwich ranurado, o con Z decorativa.<br \/>\nModelos de portic\u00f3n exterior de aluminio, sirve a modo de reja de seguridad , adem\u00e1s de regular la luz, puede ser portic\u00f3n exterior con panel s\u00e1ndwich ranurado, portic\u00f3n exterior con lama machihembrada de 120 mm ciego vertical u horizontal, portic\u00f3n exterior de lama fija, portic\u00f3n exterior de lamas m\u00f3viles, portic\u00f3n exterior motorizado en su apertura, portic\u00f3n motorizado en la orientaci\u00f3n de sus lamas. Este tipo de portic\u00f3n puede ser con marco perimetral o portic\u00f3n exterior con bisagra r\u00fastica directa a pared. Si va con marco es como una mallorquina y sus variedades, si va con bisagra r\u00fastica, puede llevar cierre de espa\u00f1oleta decorativo, as\u00ed como sus bisagras y accesorios, decorativos r\u00fasticos. En el modelo de portic\u00f3n exterior de bisagra r\u00fastica, tiene la posibilidad de a\u00f1adir la \u201cZ\u201d (zeta), decorativa por el interior. Este portic\u00f3n exterior de aluminio, puede ser de 1, 2, 3 y 4 hojas, con motorizaci\u00f3n en su apertura, si fuera preciso. El portic\u00f3n exterior de aluminio, podemos fabricarlo, enmarcado en perfil de 40\u00d740, o en perfil minimalista de 20\u00d720. Siendo los dos de gran calidad. Todos nuestros porticones exteriores tienen un tratamiento marino Seaside. Fabricamos, distribuimos e instalamos porticones exteriores de aluminio por toda Espa\u00f1a y extranjero.\n<\/p>\n<\/div>\n<div>\n<details>\n<summary>FICHES TECHNIQUES<\/summary>\n<div class=\"fila\">\n<div class=\"columna1\">\n                          <a title=\"Fiche technique\" href=\"\/multimedia\/fichas_tecnicas\/porticones\/exteriores\/ae0932_av.pdf\" target=\"_blank\" rel=\"noopener\"> <img decoding=\"async\" class=\"imgtech1\" src=\"\/wp-content\/uploads\/2022\/11\/ae0932_av_page-0001.jpg\" alt=\"Ficha t\u00e9cnica AE 0932\" \/><\/a>\n                      <\/div>\n<div class=\"columna1\">\n                          <a title=\"Fiche technique\" href=\"\/multimedia\/fichas_tecnicas\/porticones\/exteriores\/ae0933_av.pdf\" target=\"_blank\" rel=\"noopener\"> <img decoding=\"async\" class=\"imgtech1\" src=\"\/wp-content\/uploads\/2022\/11\/ae0933_av_pages-to-jpg-0001.jpg\" alt=\"Ficha t\u00e9cnica AE 0933\" \/><\/a>\n                      <\/div>\n<\/p><\/div>\n<\/details>\n<\/div>","protected":false},"featured_media":4287,"comment_status":"open","ping_status":"closed","template":"","meta":{"_acf_changed":false,"om_disable_all_campaigns":false},"product_brand":[],"product_cat":[123],"product_tag":[126,127],"class_list":{"0":"post-2912","1":"product","2":"type-product","3":"status-publish","4":"has-post-thumbnail","6":"product_cat-porticones","7":"product_tag-porticon-exterior","8":"product_tag-porticones-exteriores","10":"first","11":"instock","12":"shipping-taxable","13":"product-type-simple"},"acf":[],"aioseo_notices":[],"_links":{"self":[{"href":"https:\/\/aluminiosvallirana.es\/fr\/wp-json\/wp\/v2\/product\/2912","targetHints":{"allow":["GET"]}}],"collection":[{"href":"https:\/\/aluminiosvallirana.es\/fr\/wp-json\/wp\/v2\/product"}],"about":[{"href":"https:\/\/aluminiosvallirana.es\/fr\/wp-json\/wp\/v2\/types\/product"}],"replies":[{"embeddable":true,"href":"https:\/\/aluminiosvallirana.es\/fr\/wp-json\/wp\/v2\/comments?post=2912"}],"wp:featuredmedia":[{"embeddable":true,"href":"https:\/\/aluminiosvallirana.es\/fr\/wp-json\/wp\/v2\/media\/4287"}],"wp:attachment":[{"href":"https:\/\/aluminiosvallirana.es\/fr\/wp-json\/wp\/v2\/media?parent=2912"}],"wp:term":[{"taxonomy":"product_brand","embeddable":true,"href":"https:\/\/aluminiosvallirana.es\/fr\/wp-json\/wp\/v2\/product_brand?post=2912"},{"taxonomy":"product_cat","embeddable":true,"href":"https:\/\/aluminiosvallirana.es\/fr\/wp-json\/wp\/v2\/product_cat?post=2912"},{"taxonomy":"product_tag","embeddable":true,"href":"https:\/\/aluminiosvallirana.es\/fr\/wp-json\/wp\/v2\/product_tag?post=2912"}],"curies":[{"name":"wp","href":"https:\/\/api.w.org\/{rel}","templated":true}]}}