{"id":2918,"date":"2022-11-14T13:11:41","date_gmt":"2022-11-14T12:11:41","guid":{"rendered":"http:\/\/aluminiosvallirana.es\/?post_type=product&#038;p=2918"},"modified":"2023-01-18T16:34:45","modified_gmt":"2023-01-18T15:34:45","slug":"ventanas-de-aluminio-practicables-canal-16","status":"publish","type":"product","link":"https:\/\/aluminiosvallirana.es\/fr\/productos\/ventanas-de-aluminio-practicables-canal-16\/","title":{"rendered":"Fen\u00eatres ouvrantes en aluminium canal 16"},"content":{"rendered":"<p class=\"descripcion\" style=\"text-align: justify;\">Aqu\u00ed puedes encontrar ventanas de aluminio practicables canal 16 econ\u00f3micas.<br \/>\nLas ventanas practicables canal 16 de aluminio que fabricamos.<br \/>\nAlba 65 RPT Canal16. Marco de 65 mm y hoja de 72 mm, capacidad de acristalamiento 50 mm, sistema c\u00e1mara canal 16. Alfil Hoja Oculta Canal16. Marco de 70 mm, capacidad de acristalamiento 36 mm, sistema c\u00e1mara canal 16, renova PR40 C16:Vidrio hasta 27 mm, marcos de 40\/60, sistema Canal 16, renova PR RPT 55 C16. Rotura puente t\u00e9rmico, vidrio hasta 40 mm, marcos de 55\/70, sistema Canal 16, renova hoja oculta C16 PR RPT. Rotura puente t\u00e9rmico, vidrio hasta 30 mm, secci\u00f3n visible 72 mm, marco de 70 mm, sistema Canal 16.<\/p>","protected":false},"excerpt":{"rendered":"<div>\n<div>\n<h2>ENCUENTRE AQU\u00cd VENTANAS DE ALUMINIO PRACTICABLES CANAL 16.<\/h2>\n<p style=\"text-align: justify;\">Fabricamos ventanas practicables de canal 16, a precio de c\u00e1mara europea. Las mejores ventanas de aluminio en canal 16, al mejor precio. Adem\u00e1s de fabricar, les podemos ofrecer la instalaci\u00f3n de ventanas de aluminio en canal 16 en Barcelona y cercan\u00edas.<br \/>\nEl sistema de Canal 16, proporciona una mejora considerable del aislamiento t\u00e9rmico y ac\u00fastico gracias a la gran estanqueidad que proporcionan los herrajes en todo el per\u00edmetro de la hoja y la mayor cantidad de puntos de cierre en el marco, mayores dimensiones en la fabricaci\u00f3n por la capacidad de soporte de los herrajes, bulones regulables en presi\u00f3n manualmente, bulones de seguridad con cerraderos de seguridad fabricados en acero, angulares antipalanca en los puntos de cierre b\u00e1sico, uni\u00f3n mec\u00e1nica, garantizando la m\u00e1xima rigidez y estabilidad en el herraje, sistema de micro-ventilaci\u00f3n mediante bul\u00f3n oculto en marco (CTE).<br \/>\nLas ventanas de aluminio en canal 16, permiten el ajuste de marcos y hojas, para un gran aislamiento, pudi\u00e9ndose regular todos sus herrajes en diferentes puntos. Adem\u00e1s estos herrajes de canal 16, para las ventanas de aluminio, permiten, todas las clases de apertura.<\/p>\n<\/div>\n<div>\n<details>\n<summary>FICHES TECHNIQUES<\/summary>\n<div class=\"fila\">\n<div class=\"columna1\"><a title=\"Fiche technique\" href=\"\/multimedia\/fichas_tecnicas\/ventanas\/practicables\/ho70rptcanal16_av.pdf\" target=\"_blank\" rel=\"noopener\"> <img decoding=\"async\" class=\"imgtech1\" src=\"\/multimedia\/fichas_tecnicas\/portada\/ho70rptcanal16_av_page-0001.jpg\" alt=\"Ficha t\u00e9cnica HO 70 RPT CANAL 16 \" \/><\/a><\/div>\n<div class=\"columna1\"><a title=\"Fiche technique\" href=\"\/multimedia\/fichas_tecnicas\/ventanas_curvas\/alba65rptcanal16_av.pdf\" target=\"_blank\" rel=\"noopener\"> <img decoding=\"async\" class=\"imgtech1\" src=\"\/uploads\/2022\/11\/alba65rptcanal16_av_page-0001-2.jpg\" alt=\"Ficha t\u00e9cnica ALBA 65 RPT CANAL 16 \" \/><\/a><\/div>\n<div class=\"columna1\"><a title=\"Fiche technique\" href=\"\/multimedia\/fichas_tecnicas\/ventanas\/practicables\/renova55rptcanal16_av.pdf\" target=\"_blank\" rel=\"noopener\"> <img decoding=\"async\" class=\"imgtech1\" src=\"\/multimedia\/fichas_tecnicas\/portada\/renova55rptcanal16_av_page-0001.jpg\" alt=\"Ficha t\u00e9cnica Renova RENOVA 55 RPT CANAL 16\" \/><\/a><\/div>\n<\/div>\n<div class=\"fila\">\n<div class=\"columna1\"><a title=\"Fiche technique\" href=\"\/multimedia\/fichas_tecnicas\/ventanas\/practicables\/renova70horpt_canal16_av.pdf\" target=\"_blank\" rel=\"noopener\"> <img decoding=\"async\" class=\"imgtech1\" src=\"\/multimedia\/fichas_tecnicas\/portada\/renova70horpt_canal16_av_page-0001.jpg\" alt=\"Ficha t\u00e9cnica RENOVA 70 HO RPT CANAL 16 \" \/><\/a><\/div>\n<div class=\"columna1\"><a title=\"Fiche technique\" href=\"\/multimedia\/fichas_tecnicas\/ventanas\/practicables\/solealfy65oculta_av.pdf\" target=\"_blank\" rel=\"noopener\"> <img decoding=\"async\" class=\"imgtech1\" src=\"\/multimedia\/fichas_tecnicas\/portada\/solealfy65oculta_av_page-0001.jpg\" alt=\"Ficha t\u00e9cnica Renova SOLEALFY 65 OCULTA \" \/><\/a><\/div>\n<\/div>\n<div class=\"fila\">\n<div class=\"columna1\"><a title=\"Fiche technique\" href=\"\/multimedia\/fichas_tecnicas\/ventanas\/practicables\/solealfy65vista_av.pdf\" target=\"_blank\" rel=\"noopener\"> <img decoding=\"async\" class=\"imgtech1\" src=\"\/multimedia\/fichas_tecnicas\/portada\/solealfy65vista_av_page-0001.jpg\" alt=\"Ficha t\u00e9cnica SOLEALFY 65 VISTA\" \/><\/a><\/div>\n<div class=\"columna1\"><a title=\"Fiche technique\" href=\"\/multimedia\/fichas_tecnicas\/ventanas\/practicables\/solealfy75oculta_av.pdf\" target=\"_blank\" rel=\"noopener\"> <img decoding=\"async\" class=\"imgtech1\" src=\"\/multimedia\/fichas_tecnicas\/portada\/solealfy75oculta_av_page-0001.jpg\" alt=\"Ficha t\u00e9cnica SOLEALFY 75 OCULTA \" \/><\/a><\/div>\n<div class=\"columna1\"><a title=\"Fiche technique\" href=\"\/multimedia\/fichas_tecnicas\/ventanas\/practicables\/solealfy75vista_av.pdf\" target=\"_blank\" rel=\"noopener\"> <img decoding=\"async\" class=\"imgtech1\" src=\"\/multimedia\/fichas_tecnicas\/portada\/solealfy75vista_av_page-0001.jpg\" alt=\"Ficha t\u00e9cnica SOLEALFY 75 VISTA \" \/><\/a><\/div>\n<\/div>\n<\/details>\n<\/div>\n<\/div>","protected":false},"featured_media":4899,"comment_status":"open","ping_status":"closed","template":"","meta":{"_acf_changed":false,"om_disable_all_campaigns":false},"product_brand":[],"product_cat":[135],"product_tag":[140,141],"class_list":{"0":"post-2918","1":"product","2":"type-product","3":"status-publish","4":"has-post-thumbnail","6":"product_cat-ventanas-aluminio","7":"product_tag-ventana-practicable-canal-16","8":"product_tag-ventanas-practicables-canal-16","10":"first","11":"instock","12":"shipping-taxable","13":"product-type-simple"},"acf":[],"aioseo_notices":[],"_links":{"self":[{"href":"https:\/\/aluminiosvallirana.es\/fr\/wp-json\/wp\/v2\/product\/2918","targetHints":{"allow":["GET"]}}],"collection":[{"href":"https:\/\/aluminiosvallirana.es\/fr\/wp-json\/wp\/v2\/product"}],"about":[{"href":"https:\/\/aluminiosvallirana.es\/fr\/wp-json\/wp\/v2\/types\/product"}],"replies":[{"embeddable":true,"href":"https:\/\/aluminiosvallirana.es\/fr\/wp-json\/wp\/v2\/comments?post=2918"}],"wp:featuredmedia":[{"embeddable":true,"href":"https:\/\/aluminiosvallirana.es\/fr\/wp-json\/wp\/v2\/media\/4899"}],"wp:attachment":[{"href":"https:\/\/aluminiosvallirana.es\/fr\/wp-json\/wp\/v2\/media?parent=2918"}],"wp:term":[{"taxonomy":"product_brand","embeddable":true,"href":"https:\/\/aluminiosvallirana.es\/fr\/wp-json\/wp\/v2\/product_brand?post=2918"},{"taxonomy":"product_cat","embeddable":true,"href":"https:\/\/aluminiosvallirana.es\/fr\/wp-json\/wp\/v2\/product_cat?post=2918"},{"taxonomy":"product_tag","embeddable":true,"href":"https:\/\/aluminiosvallirana.es\/fr\/wp-json\/wp\/v2\/product_tag?post=2918"}],"curies":[{"name":"wp","href":"https:\/\/api.w.org\/{rel}","templated":true}]}}