{"id":2926,"date":"2022-11-14T13:11:41","date_gmt":"2022-11-14T12:11:41","guid":{"rendered":"http:\/\/aluminiosvallirana.es\/?post_type=product&#038;p=2926"},"modified":"2023-01-27T11:41:24","modified_gmt":"2023-01-27T10:41:24","slug":"ventana-guillotina-con-motor","status":"publish","type":"product","link":"https:\/\/aluminiosvallirana.es\/fr\/productos\/ventana-guillotina-con-motor\/","title":{"rendered":"Ventana guillotina AV110-RPT motorizada"},"content":{"rendered":"<p class=\"descripcion\" style=\"text-align: justify;\">Les proporcionamos la guillotina de 70 con motor y la guillotina de rotura puente t\u00e9rmico con motor, totalmente, acabadas y preparadas para su funcionamiento, sin necesidad de mantenimiento alguno. Aluminios Vallirana, les ofrece guillotinas motorizadas para colegios, guillotinas motorizadas para bares, guillotinas motorizadas para restaurantes, guillotinas motorizadas para oficinas, guillotinas motorizadas para casas particulares, guillotinas motorizadas para hoteles, , guillotinas motorizadas para donde existe un mal acceso para su apertura. Las guillotinas con motor, pueden ser en todos los acabados, lacado blanco, lacado est\u00e1ndar, lacado especial, lacado madera, lacado futura, anodizado plata, anodizado bronce, anodizado inox, e incluso en el caso de las guillotinas de rotura puente t\u00e9rmico con motor en bicolor, con infinidad de combinaciones, entre los acabados.<\/p>","protected":false},"excerpt":{"rendered":"<div>\n<div>\n<h2>ENCUENTRE AQU\u00cd VENTANAS GUILLOTINAS CON MOTOR<\/h2>\n<p style=\"text-align: justify;\">Aluminios Vallirana, fabrica Ventanas Guillotinas con motor, para su f\u00e1cil uso y sin mantenimiento. Las ventanas guillotinas con motor, pueden ser con accionamiento mediante pulsador o mediante mando a distancia. Adem\u00e1s de poder ofrecerles programaci\u00f3n y dom\u00f3tica para dichos motores. Podemos motorizar, tanto la hoja superior, como la inferior, siendo esta \u00faltima, la m\u00e1s utilizada por nuestros clientes. Las guillotinas con motor, siempre han de llevar un caj\u00f3n superior minimalista, de 10 cent\u00edmetros. Este caj\u00f3n puede ser registrable como cualquier persiana, o para esconder (oculto), en el pladur. Recomendamos poner motor, en las guillotinas de 70 mm, sin rotura, cuando superan los 30 kilogramos de peso por hoja. Pudi\u00e9ndose colocar en pesos inferiores. Recomendamos colocar motor, en las guillotinas de rotura puente t\u00e9rmico con motor, o AV 110 RPT con motor, cuando el peso por hoja, supera los 40 kilogramos, aun no siendo imprescindible, ya que esta guillotina de rotura puente t\u00e9rmico, tiene la opci\u00f3n de colocar doble muelle y poder soportar hasta los 80 kilogramos por hoja<\/p>\n<\/p><\/div>\n<div>\n<details>\n<summary>FICHES TECHNIQUES<\/summary>\n<div class=\"fila\">\n<div class=\"columna1\">\n                          <a title=\"Fiche technique\" href=\"\/multimedia\/fichas_tecnicas\/ventanas_guillotinas\/ficha_guillotinas.pdf\" target=\"_blank\" rel=\"noopener\"> <img decoding=\"async\" class=\"imgtech1\" src=\"\/wp-content\/uploads\/2022\/11\/ficha_tecnica_ventanas_guillotinas_av110rpt.jpg\" alt=\"Ficha t\u00e9cnica Ventanas Guillotina\" \/><\/a>\n                      <\/div>\n<\/p><\/div>\n<\/details>\n<\/div>\n<\/div>","protected":false},"featured_media":4914,"comment_status":"open","ping_status":"closed","template":"","meta":{"_acf_changed":false,"om_disable_all_campaigns":false},"product_brand":[],"product_cat":[156],"product_tag":[157,158],"class_list":{"0":"post-2926","1":"product","2":"type-product","3":"status-publish","4":"has-post-thumbnail","6":"product_cat-ventanas-guillotina-aluminio","7":"product_tag-ventana-guillotina-con-motor","8":"product_tag-ventanas-guillotina-con-motor","10":"first","11":"instock","12":"shipping-taxable","13":"product-type-simple"},"acf":[],"aioseo_notices":[],"_links":{"self":[{"href":"https:\/\/aluminiosvallirana.es\/fr\/wp-json\/wp\/v2\/product\/2926","targetHints":{"allow":["GET"]}}],"collection":[{"href":"https:\/\/aluminiosvallirana.es\/fr\/wp-json\/wp\/v2\/product"}],"about":[{"href":"https:\/\/aluminiosvallirana.es\/fr\/wp-json\/wp\/v2\/types\/product"}],"replies":[{"embeddable":true,"href":"https:\/\/aluminiosvallirana.es\/fr\/wp-json\/wp\/v2\/comments?post=2926"}],"wp:featuredmedia":[{"embeddable":true,"href":"https:\/\/aluminiosvallirana.es\/fr\/wp-json\/wp\/v2\/media\/4914"}],"wp:attachment":[{"href":"https:\/\/aluminiosvallirana.es\/fr\/wp-json\/wp\/v2\/media?parent=2926"}],"wp:term":[{"taxonomy":"product_brand","embeddable":true,"href":"https:\/\/aluminiosvallirana.es\/fr\/wp-json\/wp\/v2\/product_brand?post=2926"},{"taxonomy":"product_cat","embeddable":true,"href":"https:\/\/aluminiosvallirana.es\/fr\/wp-json\/wp\/v2\/product_cat?post=2926"},{"taxonomy":"product_tag","embeddable":true,"href":"https:\/\/aluminiosvallirana.es\/fr\/wp-json\/wp\/v2\/product_tag?post=2926"}],"curies":[{"name":"wp","href":"https:\/\/api.w.org\/{rel}","templated":true}]}}