{"id":2943,"date":"2022-11-14T13:12:11","date_gmt":"2022-11-14T12:12:11","guid":{"rendered":"http:\/\/aluminiosvallirana.es\/?post_type=product&#038;p=2943"},"modified":"2023-01-17T16:50:04","modified_gmt":"2023-01-17T15:50:04","slug":"ventanas-guillotina-de-aluminio-de-70-mm","status":"publish","type":"product","link":"https:\/\/aluminiosvallirana.es\/fr\/productos\/ventanas-guillotina-de-aluminio-de-70-mm\/","title":{"rendered":"Fen\u00eatres \u00e0 guillotine en aluminium de 70 mm"},"content":{"rendered":"<p class=\"descripcion\" style=\"text-align: justify;\">Somos fabricantes de ventanas y guillotinas de aluminio en Barcelona.<br \/>\nEste sistema de muelle o mecanismo, se recomienda a partir de 10 kilogramos y para un m\u00e1ximo de 30 kilogramos, a partir de este peso, deber\u00edan de ser ventanas guillotinas motorizadas, con pulsador o mando a distancia. Para ello se debe colocar un registro superior de 10 cent\u00edmetros.<\/p>\n<p>La guillotina de 70 mm, se pueden fabricar, en 2, 3 y 4 hojas, con combinaci\u00f3n de marcos fijos. Pueden llevar cualquier forro decorativo y ser acopladas a cualquier carpinter\u00eda.<br \/>\nLas hojas adem\u00e1s de deslizar, se pueden abatir (sin compases), para su limpieza por el exterior y extraer las hojas, para el cambio de cristales, si fuera preciso.<br \/>\nLa ventana guillotina de 70 mm, tiene unos ensayos de permeabilidad al aire CLASE 4, estanqueidad al agua CLASE 3A y resistencia a la carga de viento CLASE C3.<\/p>","protected":false},"excerpt":{"rendered":"<h2>ENCUENTRE AQU\u00cd VENTANAS GUILLOTINA DE ALUMINIO DE 70MM<\/h2>\n<p style=\"text-align: justify;\">Aluminios Vallirana es fabricante y l\u00edder en el sector de las guillotinas de aluminio, disponemos de ventanas guillotina de 70 mm y ventanas guillotinas de Rotura Puente T\u00e9rmico\u00a0 AV 110 RPT o tambi\u00e9n la guillotina\u00a0 65 RPT.<br \/>\nLas ventanas guillotinas de 70 mm, se fabrican con marco de 70 mm, hojas minimalistas de 42 mm, llevan juntas o burletes de felpas y gomas, para su deslizamiento vertical y aislamiento. Estas ventanas guillotinas de f\u00e1cil uso, llevan unos cierres para utilizar con ambas manos, que incorporan una llave de bloqueo.<\/p>\n<p>Las ventanas guillotinas de aluminio, adem\u00e1s de su uso cotidiano en el sector de la construcci\u00f3n, como, las ventanas guillotinas para edificios, ventanas guillotinas para rehabilitaci\u00f3n, tambi\u00e9n podemos ver otros tipos como, las ventanas guillotinas para mostradores de oficinas de atenci\u00f3n al cliente, ventanas guillotinas para locales, \u00a0ventanas guillotinas para restaurantes, ventanas guillotinas para bares, y ventanas guillotinas como pasa-platos, ya que este tipo de ventanas pueden ser guillotinas con paso abierto inferior.<\/p>\n<p>La ventana guillotina de 70 mm, se puede abrir de forma manual, sosteniendo la hoja, o mediante la opci\u00f3n de mecanismo o muelle (ventana guillotina con muelles), para soportar el peso en hoja inferior y\/o superior, para ayudar y facilitar su c\u00f3moda apertura.<\/p>\n<div>\n<details>\n<summary>FICHES TECHNIQUES<\/summary>\n<div class=\"fila\">\n<div class=\"columna1\"><a title=\"Fiche technique\" href=\"\/multimedia\/fichas_tecnicas\/ventanas_guillotinas\/AV_70\/AV_70.pdf\" target=\"_blank\" rel=\"noopener\"> <img decoding=\"async\" class=\"imgtech1\" src=\"\/wp-content\/uploads\/2023\/01\/VENTANA-GUILLOTINA-FRIA-70_page-0001.jpg\" alt=\"Ficha t\u00e9cnica Ventanas Guillotina 70\" \/><\/a><\/div>\n<\/div>\n<\/details>\n<\/div>\n<\/div>","protected":false},"featured_media":4877,"comment_status":"open","ping_status":"closed","template":"","meta":{"_acf_changed":false,"om_disable_all_campaigns":false},"product_brand":[],"product_cat":[156],"product_tag":[161,162],"class_list":{"0":"post-2943","1":"product","2":"type-product","3":"status-publish","4":"has-post-thumbnail","6":"product_cat-ventanas-guillotina-aluminio","7":"product_tag-ventana-guillotina-de-70mm","8":"product_tag-ventanas-guillotina-de-770mm","10":"first","11":"instock","12":"shipping-taxable","13":"product-type-simple"},"acf":[],"aioseo_notices":[],"_links":{"self":[{"href":"https:\/\/aluminiosvallirana.es\/fr\/wp-json\/wp\/v2\/product\/2943","targetHints":{"allow":["GET"]}}],"collection":[{"href":"https:\/\/aluminiosvallirana.es\/fr\/wp-json\/wp\/v2\/product"}],"about":[{"href":"https:\/\/aluminiosvallirana.es\/fr\/wp-json\/wp\/v2\/types\/product"}],"replies":[{"embeddable":true,"href":"https:\/\/aluminiosvallirana.es\/fr\/wp-json\/wp\/v2\/comments?post=2943"}],"wp:featuredmedia":[{"embeddable":true,"href":"https:\/\/aluminiosvallirana.es\/fr\/wp-json\/wp\/v2\/media\/4877"}],"wp:attachment":[{"href":"https:\/\/aluminiosvallirana.es\/fr\/wp-json\/wp\/v2\/media?parent=2943"}],"wp:term":[{"taxonomy":"product_brand","embeddable":true,"href":"https:\/\/aluminiosvallirana.es\/fr\/wp-json\/wp\/v2\/product_brand?post=2943"},{"taxonomy":"product_cat","embeddable":true,"href":"https:\/\/aluminiosvallirana.es\/fr\/wp-json\/wp\/v2\/product_cat?post=2943"},{"taxonomy":"product_tag","embeddable":true,"href":"https:\/\/aluminiosvallirana.es\/fr\/wp-json\/wp\/v2\/product_tag?post=2943"}],"curies":[{"name":"wp","href":"https:\/\/api.w.org\/{rel}","templated":true}]}}