{"id":2944,"date":"2022-11-14T13:12:11","date_gmt":"2022-11-14T12:12:11","guid":{"rendered":"http:\/\/aluminiosvallirana.es\/?post_type=product&#038;p=2944"},"modified":"2023-02-03T10:49:51","modified_gmt":"2023-02-03T09:49:51","slug":"ventana-guillotina-de-aluminio-av-110-rpt","status":"publish","type":"product","link":"https:\/\/aluminiosvallirana.es\/fr\/productos\/ventana-guillotina-de-aluminio-av-110-rpt\/","title":{"rendered":"Ventana guillotina de aluminio AV110-RPT"},"content":{"rendered":"<p class=\"descripcion\" style=\"text-align: justify;\">Capacidad de vidrio 32 mm para conseguir fabricar ventanas guillotinas RPT de aluminio de grandes dimensiones y con calidades de vidrio con muchas prestaciones, posibilidad de fabricar ventanas guillotinas RPT AV 110 de aluminio de grandes dimensiones, hasta 3000 mm de alto, gracias a la gran variedad y versatilidad de sus muelles, peso m\u00e1ximo por hoja 40 kg, con opci\u00f3n especial de hasta 80 kg (no abatible), consultar, accionamiento por muelles, fabricados especialmente para cada ventana, seg\u00fan medidas y composici\u00f3n de vidrios. Proporcionando un accionamiento \u00e1gil, suave y seguro, soportando el peso de las hojas, en cualquier posici\u00f3n. La Guillotina AV 110 RPT de aluminio con accionamiento con muelles. Los muelles van desde 300 mm hasta 1500 mm, en incrementos de 25 mm y seg\u00fan pesos a soportar, opci\u00f3n de apertura abatible o basculante: este sistema de apertura nos facilita la ventilaci\u00f3n, aireaci\u00f3n y renovaci\u00f3n del aire, adem\u00e1s de poder limpiar con comodidad la parte exterior de la ventana guillotina AV 110 RPT. Las hojas adem\u00e1s de deslizar hacia arriba y abajo, estas pueden abatir o bascular, soport\u00e1ndose en compases opcionales de acero inoxidable en cualquier posici\u00f3n de altura, altas prestaciones de estanqueidad al agua y al aire, seg\u00fan normativa CE, facilidad de limpieza por las dos caras, debido a la opci\u00f3n abatible y con opci\u00f3n de compases inox.<\/p>","protected":false},"excerpt":{"rendered":"<div>\n<div>\n<h2>ENCUENTRE AQU\u00cd VENTANAS GUILLOTINA DE ALUMINIO<\/h2>\n<p style=\"text-align: justify;\">Las ventanas guillotinas de Rotura puente T\u00e9rmico, pueden ser: ventana Guillotina AV 110 RPT, o bien, la ventana guillotina 65 RPT. Aluminios Vallirana ha dise\u00f1ado y creado la nueva ventana guillotina de rotura puente t\u00e9rmico de aluminio SERIE AV 110 RPT. Las ventanas guillotinas con las mejores prestaciones aislantes y ac\u00fasticas, a precios incre\u00edbles, los mejores precios en ventanas guillotinas RPT.<br \/>\nLas principales caracter\u00edsticas de la ventana guillotina SERIE AV 110 RPT son: Guillotina RPT, con marco de 110 mm, para obtener unos buenos ensayos en aislamiento t\u00e9rmico, ac\u00fastico y para poder realizar ventanas guillotinas RPT de grandes dimensiones, hoja de 80 mm, para poder soportar vidrios de grandes dimensiones y poder conseguir una guillotina RPT de aluminio de buenas prestaciones aislantes, cruce panor\u00e1mico minimalista de 32 mm, de doble pared, posibilidad de refuerzo met\u00e1lico interior, con dobles juntas, muy est\u00e9tico y para poder conseguir ampliar el campo d visi\u00f3n exterior.<\/p>\n<\/div>\n<div>\n<details>\n<summary>FICHES TECHNIQUES<\/summary>\n<div class=\"fila\">\n<div class=\"columna1\"><a title=\"Fiche technique\" href=\"\/multimedia\/fichas_tecnicas\/ventanas_guillotinas\/ficha_guillotinas.pdf\" target=\"_blank\" rel=\"noopener\"> <img decoding=\"async\" class=\"imgtech1\" src=\"\/wp-content\/uploads\/2022\/11\/ficha_tecnica_ventanas_guillotinas_av110rpt.jpg\" alt=\"Ficha t\u00e9cnica Ventanas Guillotina\" \/><\/a><\/div>\n<\/div>\n<\/details>\n<\/div>\n<\/div>","protected":false},"featured_media":4883,"comment_status":"open","ping_status":"closed","template":"","meta":{"_acf_changed":false,"om_disable_all_campaigns":false},"product_brand":[],"product_cat":[156],"product_tag":[163,164],"class_list":{"0":"post-2944","1":"product","2":"type-product","3":"status-publish","4":"has-post-thumbnail","6":"product_cat-ventanas-guillotina-aluminio","7":"product_tag-ventana-guillotina-de-110-rpt","8":"product_tag-ventanas-guillorina-de-110-rpt","10":"first","11":"instock","12":"shipping-taxable","13":"product-type-simple"},"acf":[],"aioseo_notices":[],"_links":{"self":[{"href":"https:\/\/aluminiosvallirana.es\/fr\/wp-json\/wp\/v2\/product\/2944","targetHints":{"allow":["GET"]}}],"collection":[{"href":"https:\/\/aluminiosvallirana.es\/fr\/wp-json\/wp\/v2\/product"}],"about":[{"href":"https:\/\/aluminiosvallirana.es\/fr\/wp-json\/wp\/v2\/types\/product"}],"replies":[{"embeddable":true,"href":"https:\/\/aluminiosvallirana.es\/fr\/wp-json\/wp\/v2\/comments?post=2944"}],"wp:featuredmedia":[{"embeddable":true,"href":"https:\/\/aluminiosvallirana.es\/fr\/wp-json\/wp\/v2\/media\/4883"}],"wp:attachment":[{"href":"https:\/\/aluminiosvallirana.es\/fr\/wp-json\/wp\/v2\/media?parent=2944"}],"wp:term":[{"taxonomy":"product_brand","embeddable":true,"href":"https:\/\/aluminiosvallirana.es\/fr\/wp-json\/wp\/v2\/product_brand?post=2944"},{"taxonomy":"product_cat","embeddable":true,"href":"https:\/\/aluminiosvallirana.es\/fr\/wp-json\/wp\/v2\/product_cat?post=2944"},{"taxonomy":"product_tag","embeddable":true,"href":"https:\/\/aluminiosvallirana.es\/fr\/wp-json\/wp\/v2\/product_tag?post=2944"}],"curies":[{"name":"wp","href":"https:\/\/api.w.org\/{rel}","templated":true}]}}