{"id":2966,"date":"2022-11-14T13:12:34","date_gmt":"2022-11-14T12:12:34","guid":{"rendered":"http:\/\/aluminiosvallirana.es\/?post_type=product&#038;p=2966"},"modified":"2024-10-07T08:37:32","modified_gmt":"2024-10-07T06:37:32","slug":"vallas-de-aluminio-centauro","status":"publish","type":"product","link":"https:\/\/aluminiosvallirana.es\/fr\/productos\/vallas-de-aluminio-centauro\/","title":{"rendered":"Vallas de aluminio &#8211; centauro"},"content":{"rendered":"<h2 class=\"titulo_tab\">FABRICANTES Y DISTRIBUIDORES DE PORTICONES EXTERIORES DE ALUMINIO<\/h2>\n<p class=\"descripcion\" style=\"text-align: justify;\">En el caso de existir pilares de obra la valla ir\u00e1 sujeta mediante la pieza V-53 la cual se atornilla a obra. Los Postes V-01 y V-02, siempre llevan sus correspondientes tapones met\u00e1licos, con forma piramidal. Proporcionando a nuestras vallas de aluminio Centauro, un gran estilo y acabado. Somos fabricantes directos de Vallas de aluminio, Vallas con postes verticales al mejor precio.<br \/>\nEl modelo de valla Centauro, se distingue, por ser una valla de aluminio de barrotes o postes verticales. Por tanto, les mostramos los diferentes modelos: Valla de aluminio Centauro con Barrote Plano y tap\u00f3n met\u00e1lico triangular, valla de aluminio Centauro con Barrote Plano y tap\u00f3n met\u00e1lico redondo, valla de aluminio Centauro con Barrote Convexo y tap\u00f3n met\u00e1lico redondo torneado, valla de aluminio Centauro con Barrote Rugoso de 26 mm y tap\u00f3n met\u00e1lico punta flecha torneado.<br \/>\nCon este modelo de valla Centauro, se pueden fabricar con las siguientes composiciones: valla de aluminio Centauro con Curva C\u00f3ncava en su parte superior, mediante la posici\u00f3n de sus barrotes o postes, valla de aluminio Centauro con Curva Convexa en su parte superior, mediante la posici\u00f3n de sus barrotes o postes, valla de aluminio Centauro con Forma Inclinada o Piramital en su parte superior, mediante la posici\u00f3n de sus barrotes o postes.<\/p>","protected":false},"excerpt":{"rendered":"<div>\n<div>\n<h2>SOMOS FABRICANTES DIRECTOS<\/h2>\n<p style=\"text-align: justify;\">Nuestras vallas de aluminio est\u00e1n realizadas con materiales de primera calidad, y elaboradas, para poder solventar cualquier desnivel o fallo en obra. Podemos ofrecerles las vallas de aluminio modelo Centauro, totalmente fabricadas y preparadas para su instalaci\u00f3n, o solamente el suministro de estas vallas de aluminio, para que ustedes puedan colocarlas. Y en todo caso, disponemos de instaladores de vallas de aluminio en Barcelona y alrededores. Distribuimos nuestras vallas de aluminio Centauro en Barcelona, vallas de aluminio Centauro en Tarragona, vallas de aluminio Centauro en Girona, vallas de aluminio Centauro por toda Catalunya, al igual que, vallas de aluminio por el resto de Espa\u00f1a.<br \/>\nCaracter\u00edsticas principales de nuestras vallas de aluminio Centauro. Disponemos de cuatro modelos de barrotes y dos tipos de postes de fijaci\u00f3n, todos ellos con tap\u00f3n met\u00e1lico en color blanco o negro.<br \/>\nEl poste V-02, es el poste intermedio utilizado en tramos rectos de vallas y el medio poste V-01, para fijar a la pared de obra y que adem\u00e1s nos permite salvar \u00e1ngulos de 90 grados si combinamos ambos postes.<br \/>\nEl poste V-02, debido a su gran rigidez y estructura, puede instalarse enterrando una parte en el suelo o mediante la pieza o peana V-52, que se atornilla a suelo o muro. Podemos observar la sencillez de colocaci\u00f3n en nuestros planos de montaje, de nuestras vallas de aluminio, con sistemas muy f\u00e1cilmente graduables en caso de descuadres o inclinaciones de las paredes o desniveles del suelo muros.<\/p>\n<\/div>\n<div>\n<details>\n<summary>FICHES TECHNIQUES<\/summary>\n<div class=\"fila\">\n<div class=\"columna1\"><a title=\"Fiche technique\" href=\"\/multimedia\/fichas_tecnicas\/vallas_cancelas\/vallas_centauro.pdf\" target=\"_blank\" rel=\"noopener\"> <img decoding=\"async\" class=\"imgtech1\" src=\"\/wp-content\/uploads\/2023\/02\/vallas_centauro.jpg\" alt=\"Ficha t\u00e9cnica ALBA 45 RPT\" \/><\/a><\/div>\n<\/div>\n<\/details>\n<\/div>\n<\/div>","protected":false},"featured_media":4584,"comment_status":"open","ping_status":"closed","template":"","meta":{"_acf_changed":false,"om_disable_all_campaigns":false},"product_brand":[],"product_cat":[174],"product_tag":[175,176],"class_list":{"0":"post-2966","1":"product","2":"type-product","3":"status-publish","4":"has-post-thumbnail","6":"product_cat-vallas-aluminio","7":"product_tag-valla-centauro","8":"product_tag-vallas-centauro","10":"first","11":"instock","12":"shipping-taxable","13":"product-type-simple"},"acf":[],"aioseo_notices":[],"_links":{"self":[{"href":"https:\/\/aluminiosvallirana.es\/fr\/wp-json\/wp\/v2\/product\/2966","targetHints":{"allow":["GET"]}}],"collection":[{"href":"https:\/\/aluminiosvallirana.es\/fr\/wp-json\/wp\/v2\/product"}],"about":[{"href":"https:\/\/aluminiosvallirana.es\/fr\/wp-json\/wp\/v2\/types\/product"}],"replies":[{"embeddable":true,"href":"https:\/\/aluminiosvallirana.es\/fr\/wp-json\/wp\/v2\/comments?post=2966"}],"wp:featuredmedia":[{"embeddable":true,"href":"https:\/\/aluminiosvallirana.es\/fr\/wp-json\/wp\/v2\/media\/4584"}],"wp:attachment":[{"href":"https:\/\/aluminiosvallirana.es\/fr\/wp-json\/wp\/v2\/media?parent=2966"}],"wp:term":[{"taxonomy":"product_brand","embeddable":true,"href":"https:\/\/aluminiosvallirana.es\/fr\/wp-json\/wp\/v2\/product_brand?post=2966"},{"taxonomy":"product_cat","embeddable":true,"href":"https:\/\/aluminiosvallirana.es\/fr\/wp-json\/wp\/v2\/product_cat?post=2966"},{"taxonomy":"product_tag","embeddable":true,"href":"https:\/\/aluminiosvallirana.es\/fr\/wp-json\/wp\/v2\/product_tag?post=2966"}],"curies":[{"name":"wp","href":"https:\/\/api.w.org\/{rel}","templated":true}]}}