{"id":2983,"date":"2022-11-14T13:12:57","date_gmt":"2022-11-14T12:12:57","guid":{"rendered":"http:\/\/aluminiosvallirana.es\/?post_type=product&#038;p=2983"},"modified":"2023-02-20T13:53:23","modified_gmt":"2023-02-20T12:53:23","slug":"vallas-de-aluminio-casiopea","status":"publish","type":"product","link":"https:\/\/aluminiosvallirana.es\/fr\/productos\/vallas-de-aluminio-casiopea\/","title":{"rendered":"cl\u00f4tures en aluminium-casiopea"},"content":{"rendered":"<p class=\"descripcion\" style=\"text-align: justify;\">Valla de aluminio Casiopea Lama Z-90 tubular, la m\u00e1s elegida por nuestros clientes, debido a su gran rigidez y tama\u00f1o, se pueden realizar tramos de 1600 mm, sin travesa\u00f1os intermedios. Puede ser en posici\u00f3n Vertical u Horizontal. Fijaci\u00f3n de lamas sin soportes de pl\u00e1sticos, siempre mediante mecanizaci\u00f3n y anclajes interiores.<br \/>\nValla de aluminio Casiopea Lama Y-90 tubular, debido a su gran rigidez y tama\u00f1o, se pueden realizar tramos de 1600 mm, sin travesa\u00f1os intermedios. Puede ser en posici\u00f3n Vertical u Horizontal. Fijaci\u00f3n de lamas sin soportes de pl\u00e1sticos, siempre mediante mecanizaci\u00f3n y anclajes interiores. Valla de aluminio Casiopea Lama fija 50 tubular, puede ser en posici\u00f3n Vertical u Horizontal. Fijaci\u00f3n de lamas sin soportes de pl\u00e1sticos, siempre mediante mecanizaci\u00f3n y anclajes interiores.<\/p>","protected":false},"excerpt":{"rendered":"<div>\n<div>\n<h2>ENCUENTRE AQU\u00cd VALLAS DE ALUMINIO CASIOPEA.<\/h2>\n<p style=\"text-align: justify;\">Valla de aluminio Casiopea, este modelo se caracteriza porque siempre las vallas van con marco Perimetral de 40, con una tapeta mecanizada para el soporte de todas sus grandes variedades de lamas y siempre sin piezas de soporte de pl\u00e1stico, de esta manera, proporciona mayor rigidez y elegancia.<br \/>\nTodo m\u00e1s limpio y sin desgaste ni erosiones del sol y agua. Esta valla de aluminio siempre va entre los postes V-01 (medio poste 58\u00d738) y V-02 (poste de 80\u00d780), con sus tapones met\u00e1licos negros o blancos y peanas de fijaci\u00f3n V-52, para suelo o muros. Con este sistema de fijaci\u00f3n de postes da gran rigidez a nuestras vallas de aluminio Casiopea, adem\u00e1s de poder salvar desniveles y descuadres de la obra. Los modelos de lamas para este sistema Casiopea son:<br \/>\nValla de aluminio Casiopea Lama ciega machihembrada 120\u00d722, en vertical, horizontal e inclinada.<\/p>\n<\/div>\n<div>\n<details>\n<summary>FICHES TECHNIQUES<\/summary>\n<div class=\"fila\">\n<div class=\"columna1\"><a title=\"Fiche technique\" href=\"\/multimedia\/fichas_tecnicas\/vallas_cancelas\/vallas_casiopea_0.pdf\" target=\"_blank\" rel=\"noopener\"> <img decoding=\"async\" class=\"imgtech1\" src=\"\/multimedia\/fichas_tecnicas\/portada\/vallas_casiopea_0.jpg\" alt=\"Ficha t\u00e9cnica Valla Casiopea\" \/><\/a><\/div>\n<div class=\"columna1\"><a title=\"Fiche technique\" href=\"\/multimedia\/fichas_tecnicas\/vallas_cancelas\/vallas_casiopea_1.pdf\" target=\"_blank\" rel=\"noopener\"> <img decoding=\"async\" class=\"imgtech1\" src=\"\/multimedia\/fichas_tecnicas\/portada\/vallas_casiopea_1.jpg\" alt=\"Ficha t\u00e9cnica Valla Casiopea\" \/><\/a><\/div>\n<div class=\"columna1\"><a title=\"Fiche technique\" href=\"\/multimedia\/fichas_tecnicas\/vallas_cancelas\/vallas_casiopea_2.pdf\" target=\"_blank\" rel=\"noopener\"> <img decoding=\"async\" class=\"imgtech1\" src=\"\/multimedia\/fichas_tecnicas\/portada\/vallas_casiopea_2.jpg\" alt=\"Ficha t\u00e9cnica Valla Casiopea\" \/><\/a><\/div>\n<div class=\"fila\">\n<div class=\"columna1\"><a title=\"Fiche technique\" href=\"\/multimedia\/fichas_tecnicas\/vallas_cancelas\/vallas_casiopea_3.pdf\" target=\"_blank\" rel=\"noopener\"> <img decoding=\"async\" class=\"imgtech1\" src=\"\/multimedia\/fichas_tecnicas\/portada\/vallas_casiopea_3.jpg\" alt=\"Ficha t\u00e9cnica Valla Casiopea\" \/><\/a><\/div>\n<div class=\"columna1\"><a title=\"Fiche technique\" href=\"\/multimedia\/fichas_tecnicas\/vallas_cancelas\/vallas_casiopea_4.pdf\" target=\"_blank\" rel=\"noopener\"> <img decoding=\"async\" class=\"imgtech1\" src=\"\/multimedia\/fichas_tecnicas\/portada\/vallas_casiopea_4.jpg\" alt=\"Ficha t\u00e9cnica Valla Casiopea\" \/><\/a><\/div>\n<p>    <\/a>\n  <\/div>\n<\/div>\n<\/details>\n<\/div>\n<\/div>","protected":false},"featured_media":4807,"comment_status":"open","ping_status":"closed","template":"","meta":{"_acf_changed":false,"om_disable_all_campaigns":false},"product_brand":[],"product_cat":[174],"product_tag":[177,178],"class_list":{"0":"post-2983","1":"product","2":"type-product","3":"status-publish","4":"has-post-thumbnail","6":"product_cat-vallas-aluminio","7":"product_tag-valla-casiopea","8":"product_tag-vallas-casiopea","10":"first","11":"instock","12":"shipping-taxable","13":"product-type-simple"},"acf":[],"aioseo_notices":[],"_links":{"self":[{"href":"https:\/\/aluminiosvallirana.es\/fr\/wp-json\/wp\/v2\/product\/2983","targetHints":{"allow":["GET"]}}],"collection":[{"href":"https:\/\/aluminiosvallirana.es\/fr\/wp-json\/wp\/v2\/product"}],"about":[{"href":"https:\/\/aluminiosvallirana.es\/fr\/wp-json\/wp\/v2\/types\/product"}],"replies":[{"embeddable":true,"href":"https:\/\/aluminiosvallirana.es\/fr\/wp-json\/wp\/v2\/comments?post=2983"}],"wp:featuredmedia":[{"embeddable":true,"href":"https:\/\/aluminiosvallirana.es\/fr\/wp-json\/wp\/v2\/media\/4807"}],"wp:attachment":[{"href":"https:\/\/aluminiosvallirana.es\/fr\/wp-json\/wp\/v2\/media?parent=2983"}],"wp:term":[{"taxonomy":"product_brand","embeddable":true,"href":"https:\/\/aluminiosvallirana.es\/fr\/wp-json\/wp\/v2\/product_brand?post=2983"},{"taxonomy":"product_cat","embeddable":true,"href":"https:\/\/aluminiosvallirana.es\/fr\/wp-json\/wp\/v2\/product_cat?post=2983"},{"taxonomy":"product_tag","embeddable":true,"href":"https:\/\/aluminiosvallirana.es\/fr\/wp-json\/wp\/v2\/product_tag?post=2983"}],"curies":[{"name":"wp","href":"https:\/\/api.w.org\/{rel}","templated":true}]}}