{"id":2984,"date":"2022-11-14T13:12:57","date_gmt":"2022-11-14T12:12:57","guid":{"rendered":"http:\/\/aluminiosvallirana.es\/?post_type=product&#038;p=2984"},"modified":"2023-02-20T14:11:10","modified_gmt":"2023-02-20T13:11:10","slug":"vallas-de-aluminio-andromeda","status":"publish","type":"product","link":"https:\/\/aluminiosvallirana.es\/fr\/productos\/vallas-de-aluminio-andromeda\/","title":{"rendered":"Vallas de aluminio &#8211; Andromeda"},"content":{"rendered":"<p class=\"descripcion\" style=\"text-align: justify;\">Somos fabricantes de vallas de aluminio, vallas de aluminio sin marco econ\u00f3micas, vallas de aluminio de f\u00e1cil instalaci\u00f3n. Los modelos de lamas para este sistema de valla de aluminio Andromeda son.Valla de aluminio Andromeda Lama Z-90 tubular, debido a su gran rigidez y tama\u00f1o, se pueden realizar tramos de 1600 mm, sin travesa\u00f1os intermedios. Siempre en posici\u00f3n Horizontal. Fijaci\u00f3n de lamas sin soportes de pl\u00e1sticos, siempre mediante mecanizaci\u00f3n y anclajes interiores. Valla de aluminio Andromeda Lama Y-90 tubular, debido a su gran rigidez y tama\u00f1o, se pueden realizar tramos de 1600 mm, sin travesa\u00f1os intermedios. Siempre en posici\u00f3n Horizontal. Fijaci\u00f3n de lamas sin soportes de pl\u00e1sticos, siempre mediante mecanizaci\u00f3n y anclajes interiores.<br \/>\nValla de aluminio Andromeda Lama fija 50 tubular, siempre en posici\u00f3n Horizontal. Fijaci\u00f3n de lamas sin soportes de pl\u00e1sticos, siempre mediante mecanizaci\u00f3n y anclajes interiores. Valla de aluminio Andromeda Barrote Rectangular 30\u00d715, en Horizontal. Valla de aluminio Andromeda Barrote Cuadrado 30\u00d730, en Horizontal. Valla de aluminio Andromeda Barrote Cuadrado 30\u00d730, inclinado a 25 grados, en Horizontal. Valla de aluminio Andromeda Barrote Ovalado 35\u00d720, en Horizontal. Valla de aluminio Andromeda Lama Ovalada 120, de gran rigidez y dimensiones, muy est\u00e9tica y muy demandada entre nuestros clientes. Siempre en posici\u00f3n  Horizontal.<\/p>","protected":false},"excerpt":{"rendered":"<div>\n<div>\n<h2>ENCUENTRE AQU\u00cd VALLAS DE ALUMINIO ANDROMEDA<\/h2>\n<p style=\"text-align: justify;\">Nuestras vallas de aluminio est\u00e1n garantizadas por la calidad de sus materiales y la elaboraci\u00f3n de las mismas. Con las que podemos solventar cualquier desnivel o fallo en obra. Podemos ofrecerles las vallas de aluminio modelo Andomeda, totalmente fabricadas y preparadas para su instalaci\u00f3n, o solamente el suministro de estas vallas de aluminio, para que ustedes puedan colocarlas. Y en todo caso, disponemos de instaladores de vallas de aluminio en Barcelona y alrededores.<br \/>\nDistribuimos nuestras vallas de aluminio Andromeda en Barcelona, Tarragona, L\u00e9rida, Girona, vallas de aluminio Andromeda por toda Catalunya, al igual que, vallas de aluminio por el resto de Espa\u00f1a.<br \/>\nValla de aluminio Andromeda, este modelo de valla se caracteriza, por su sencillez y elegancia,  pensada en economizar y ayudar a nuestros clientes. Pensada para tramos de menos desnivel y descuadres, pero proporcionando un gran estilismo. Muy demandada por arquitectos y decoradores, ya que no es necesario enmarcarla y las lamas van directamente sobre la tapeta mecanizada, que a su vez va clipada o encarrilada en los Postes V-01 y V-02. Todo m\u00e1s limpio y sin desgaste ni erosiones del sol y agua. Esta valla de aluminio siempre va entre los postes V-01 (medio poste 58\u00d738) y V-02(poste de 80\u00d780), con sus tapones met\u00e1licos negros o blancos y peanas de fijaci\u00f3n V-52, para suelo o muros. Con este sistema de fijaci\u00f3n de postes da gran rigidez y estabilidad a nuestras vallas de aluminio Andromeda.<\/p>\n<\/div>\n<div>\n<details>\n<summary>FICHES TECHNIQUES<\/summary>\n<div class=\"fila\">\n<div class=\"columna1\">\n                          <a title=\"Fiche technique\" href=\"\/multimedia\/fichas_tecnicas\/vallas_cancelas\/vallas_casiopea_0.pdf\" target=\"_blank\" rel=\"noopener\"> <img decoding=\"async\" class=\"imgtech1\" src=\"\/multimedia\/fichas_tecnicas\/portada\/vallas_casiopea_0.jpg\" alt=\"Ficha t\u00e9cnica\" \/><\/a>\n                      <\/div>\n<div class=\"columna1\">\n                          <a title=\"Fiche technique\" href=\"\/multimedia\/fichas_tecnicas\/vallas_cancelas\/vallas_andromeda_1.pdf\" target=\"_blank\" rel=\"noopener\"> <img decoding=\"async\" class=\"imgtech1\" src=\"\/multimedia\/fichas_tecnicas\/portada\/vallas_andromeda_1.jpg\" alt=\"Ficha t\u00e9cnica\" \/><\/a>\n                      <\/div>\n<div class=\"columna1\">\n                          <a title=\"Fiche technique\" href=\"\/multimedia\/fichas_tecnicas\/vallas_cancelas\/vallas_casiopea_2.pdf\" target=\"_blank\" rel=\"noopener\"> <img decoding=\"async\" class=\"imgtech1\" src=\"\/multimedia\/fichas_tecnicas\/portada\/vallas_andromeda_2.jpg\" alt=\"Ficha t\u00e9cnica\" \/><\/a>\n                      <\/div>\n<\/p><\/div>\n<div class=\"fila\">\n<div class=\"columna1\">\n                          <a title=\"Fiche technique\" href=\"\/multimedia\/fichas_tecnicas\/vallas_cancelas\/vallas_andromeda_3.pdf\" target=\"_blank\" rel=\"noopener\"> <img decoding=\"async\" class=\"imgtech1\" src=\"\/multimedia\/fichas_tecnicas\/portada\/vallas_andromeda_3.jpg\" alt=\"Ficha t\u00e9cnica\" \/><\/a>\n                      <\/div>\n<div class=\"columna1\">\n                          <a title=\"Fiche technique\" href=\"\/multimedia\/fichas_tecnicas\/vallas_cancelas\/vallas_andromeda_4.pdf\" target=\"_blank\" rel=\"noopener\"> <img decoding=\"async\" class=\"imgtech1\" src=\"\/multimedia\/fichas_tecnicas\/portada\/vallas_andromeda_3.jpg\" alt=\"Ficha t\u00e9cnica\" \/><\/a>\n                      <\/div>\n<\/p><\/div>\n<\/details>\n<\/div>","protected":false},"featured_media":4581,"comment_status":"open","ping_status":"closed","template":"","meta":{"_acf_changed":false,"om_disable_all_campaigns":false},"product_brand":[],"product_cat":[174],"product_tag":[179,180],"class_list":{"0":"post-2984","1":"product","2":"type-product","3":"status-publish","4":"has-post-thumbnail","6":"product_cat-vallas-aluminio","7":"product_tag-valla-andromeda","8":"product_tag-vallas-andromeda","10":"first","11":"instock","12":"shipping-taxable","13":"product-type-simple"},"acf":[],"aioseo_notices":[],"_links":{"self":[{"href":"https:\/\/aluminiosvallirana.es\/fr\/wp-json\/wp\/v2\/product\/2984","targetHints":{"allow":["GET"]}}],"collection":[{"href":"https:\/\/aluminiosvallirana.es\/fr\/wp-json\/wp\/v2\/product"}],"about":[{"href":"https:\/\/aluminiosvallirana.es\/fr\/wp-json\/wp\/v2\/types\/product"}],"replies":[{"embeddable":true,"href":"https:\/\/aluminiosvallirana.es\/fr\/wp-json\/wp\/v2\/comments?post=2984"}],"wp:featuredmedia":[{"embeddable":true,"href":"https:\/\/aluminiosvallirana.es\/fr\/wp-json\/wp\/v2\/media\/4581"}],"wp:attachment":[{"href":"https:\/\/aluminiosvallirana.es\/fr\/wp-json\/wp\/v2\/media?parent=2984"}],"wp:term":[{"taxonomy":"product_brand","embeddable":true,"href":"https:\/\/aluminiosvallirana.es\/fr\/wp-json\/wp\/v2\/product_brand?post=2984"},{"taxonomy":"product_cat","embeddable":true,"href":"https:\/\/aluminiosvallirana.es\/fr\/wp-json\/wp\/v2\/product_cat?post=2984"},{"taxonomy":"product_tag","embeddable":true,"href":"https:\/\/aluminiosvallirana.es\/fr\/wp-json\/wp\/v2\/product_tag?post=2984"}],"curies":[{"name":"wp","href":"https:\/\/api.w.org\/{rel}","templated":true}]}}