{"id":2985,"date":"2022-11-14T13:12:57","date_gmt":"2022-11-14T12:12:57","guid":{"rendered":"http:\/\/aluminiosvallirana.es\/?post_type=product&#038;p=2985"},"modified":"2023-02-20T14:57:17","modified_gmt":"2023-02-20T13:57:17","slug":"vallas-de-aluminio-con-curvado-lateral","status":"publish","type":"product","link":"https:\/\/aluminiosvallirana.es\/fr\/productos\/vallas-de-aluminio-con-curvado-lateral\/","title":{"rendered":"Cl\u00f4tures lat\u00e9rales courb\u00e9es en aluminium"},"content":{"rendered":"<p class=\"descripcion\" style=\"text-align: justify;\">Ce type de cl\u00f4ture en aluminium est tr\u00e8s solide, puisque les cadres et lattes courb\u00e9s offrent beaucoup de rigidit\u00e9. La cl\u00f4ture en aluminium \u00e0 courbure lat\u00e9rale se caract\u00e9rise par le fait qu&#039;elle est toujours livr\u00e9e avec un cadre de 40 P\u00e9rim\u00e8tre, avec une couverture m\u00e9canis\u00e9e pour supporter toutes ses grandes vari\u00e9t\u00e9s de lattes et toujours sans pi\u00e8ces de support en plastique, offrant ainsi une plus grande rigidit\u00e9 et \u00e9l\u00e9gance. Tout est plus propre et sans usure ni \u00e9rosion par le soleil et l&#039;eau. Cette cl\u00f4ture se place toujours entre les poteaux V-01 (poteau 80\u00d780) et V-02 (demi-poteau 58\u00d738), avec leurs embouts m\u00e9talliques noirs ou blancs et leurs embases de fixation V-52, pour le sol ou les murs. Avec ce syst\u00e8me de fixation de poteaux, il donne une grande rigidit\u00e9 \u00e0 nos cl\u00f4tures lat\u00e9rales en aluminium incurv\u00e9es, en plus de pouvoir surmonter les irr\u00e9gularit\u00e9s et les d\u00e9s\u00e9quilibres dans le travail. Les mod\u00e8les de cl\u00f4tures de jardin \u00e0 courbure lat\u00e9rale sont :<br \/>\nCl\u00f4ture en aluminium avec courbe lat\u00e9rale Lama Y-90 tubulaire, gr\u00e2ce \u00e0 sa grande rigidit\u00e9 et sa taille, des sections de 1600 mm peuvent \u00eatre r\u00e9alis\u00e9es, sans traverses interm\u00e9diaires. Toujours en position horizontale. Fixation des lames sans supports plastiques, toujours par m\u00e9canisation et ancrage int\u00e9rieur. Cl\u00f4ture en aluminium avec courbe lat\u00e9rale Barre Rectangulaire 30\u00d715, Verticale et Horizontale. Cl\u00f4ture en aluminium avec courbe lat\u00e9rale Barre Carr\u00e9e 30\u00d730, Verticale et Horizontale. Cl\u00f4ture en aluminium avec courbe lat\u00e9rale Barre Carr\u00e9e 30\u00d730, inclin\u00e9e \u00e0 25 degr\u00e9s, Verticale. Cl\u00f4ture en aluminium avec courbe lat\u00e9rale Barre Ovale 35\u00d720, Verticale. Cl\u00f4ture en aluminium avec courbe lat\u00e9rale Oval Slat 120, Vertical.<\/p>","protected":false},"excerpt":{"rendered":"<div>\n<div>\n<h2>TROUVEZ ICI LES CL\u00d4TURES EN ALUMINIUM \u00c0 PLIAGE LAT\u00c9RALE<\/h2>\n<p style=\"text-align: justify;\">La sp\u00e9cialit\u00e9 et l&#039;identit\u00e9 d&#039;Aluminios Vallirana est de plier toutes sortes de mat\u00e9riaux, c&#039;est pourquoi nous avons choisi de proposer des panneaux publicitaires en aluminium courb\u00e9s, pour nous diff\u00e9rencier des autres. Comme le dit notre slogan, \u00ab Nous fabriquons ce que les autres n&#039;osent m\u00eame pas imaginer \u00bb. Nous offrons la possibilit\u00e9 de cintrer la latte 90 Y pour r\u00e9aliser des cl\u00f4tures aluminium et des portails aluminium \u00e0 cintrage lat\u00e9ral.<br \/>\nCl\u00f4ture en aluminium avec courbe lat\u00e9rale, Aluminios Vallirana pense toujours \u00e0 une \u00e9volution continue et essaie de r\u00e9soudre les probl\u00e8mes ou les conceptions des travaux. Habituellement, nous trouvons des murs et des trottoirs avec une fa\u00e7ade incurv\u00e9e, nos concurrents le r\u00e9solvent g\u00e9n\u00e9ralement, en faisant de tr\u00e8s courtes sections de cl\u00f4tures et avec une multitude de poteaux, formant des poly\u00e8dres.<br \/>\nAluminios Vallirana avec la cl\u00f4ture incurv\u00e9e lat\u00e9rale, r\u00e9sout ce probl\u00e8me, puisque nous courbons la cl\u00f4ture et les lattes, \u00e0 la taille du trottoir ou du mur, en nous int\u00e9grant dans le dynamisme de l&#039;ouvrage et en donnant une touche d&#039;\u00e9l\u00e9gance et de distinction.<br \/>\nC&#039;est justement l&#039;un des arguments qui nous diff\u00e9rencie de nos concurrents. Puisque nous permettons \u00e0 nos clients de se diff\u00e9rencier des autres et de pouvoir prendre les travaux avec des arguments n\u00e9cessaires tels que le style et l&#039;\u00e9l\u00e9gance.<\/p>\n<\/div>\n<div>\n<details>\n<summary>FICHES TECHNIQUES<\/summary>\n<div class=\"fila\">\n<div class=\"columna1\"><a title=\"Fiche technique\" href=\"\/multimedia\/fichas_tecnicas\/curvado_lateral\/curvado_lateral_vallas.pdf\" target=\"_blank\" rel=\"noopener\"> <img decoding=\"async\" class=\"imgtech1\" src=\"\/multimedia\/fichas_tecnicas\/portada\/curvado_lateral_vallas.jpg\" alt=\"Ficha t\u00e9cnica\" \/><\/a><\/div>\n<\/div>","protected":false},"featured_media":4593,"comment_status":"open","ping_status":"closed","template":"","meta":{"_acf_changed":false,"om_disable_all_campaigns":false},"product_brand":[],"product_cat":[174],"product_tag":[181,182],"class_list":{"0":"post-2985","1":"product","2":"type-product","3":"status-publish","4":"has-post-thumbnail","6":"product_cat-vallas-aluminio","7":"product_tag-valla-curva","8":"product_tag-vallas-curva","10":"first","11":"instock","12":"shipping-taxable","13":"product-type-simple"},"acf":[],"aioseo_notices":[],"_links":{"self":[{"href":"https:\/\/aluminiosvallirana.es\/fr\/wp-json\/wp\/v2\/product\/2985","targetHints":{"allow":["GET"]}}],"collection":[{"href":"https:\/\/aluminiosvallirana.es\/fr\/wp-json\/wp\/v2\/product"}],"about":[{"href":"https:\/\/aluminiosvallirana.es\/fr\/wp-json\/wp\/v2\/types\/product"}],"replies":[{"embeddable":true,"href":"https:\/\/aluminiosvallirana.es\/fr\/wp-json\/wp\/v2\/comments?post=2985"}],"wp:featuredmedia":[{"embeddable":true,"href":"https:\/\/aluminiosvallirana.es\/fr\/wp-json\/wp\/v2\/media\/4593"}],"wp:attachment":[{"href":"https:\/\/aluminiosvallirana.es\/fr\/wp-json\/wp\/v2\/media?parent=2985"}],"wp:term":[{"taxonomy":"product_brand","embeddable":true,"href":"https:\/\/aluminiosvallirana.es\/fr\/wp-json\/wp\/v2\/product_brand?post=2985"},{"taxonomy":"product_cat","embeddable":true,"href":"https:\/\/aluminiosvallirana.es\/fr\/wp-json\/wp\/v2\/product_cat?post=2985"},{"taxonomy":"product_tag","embeddable":true,"href":"https:\/\/aluminiosvallirana.es\/fr\/wp-json\/wp\/v2\/product_tag?post=2985"}],"curies":[{"name":"wp","href":"https:\/\/api.w.org\/{rel}","templated":true}]}}