{"id":3005,"date":"2022-11-14T13:13:19","date_gmt":"2022-11-14T12:13:19","guid":{"rendered":"http:\/\/aluminiosvallirana.es\/?post_type=product&#038;p=3005"},"modified":"2023-02-20T12:00:53","modified_gmt":"2023-02-20T11:00:53","slug":"pergolas-de-aluminio","status":"publish","type":"product","link":"https:\/\/aluminiosvallirana.es\/fr\/productos\/pergolas-de-aluminio\/","title":{"rendered":"pergolas en aluminium"},"content":{"rendered":"<p class=\"descripcion\" style=\"text-align: justify;\">Este tipo de p\u00e9rgola bioclim\u00e1tica, puede llevar luces de leds de ambiente, luces de focos, as\u00ed como sensor de lluvia y viento. Adem\u00e1s de altavoces para garantizar un ambiente id\u00f3neo. Somos fabricantes e instaladores de p\u00e9rgolas de aluminio. Aluminios Vallirana ofrece para sus clientes, la instalaci\u00f3n de nuestras p\u00e9rgolas de aluminio, as\u00ed como la distribuci\u00f3n de p\u00e9rgolas de aluminio, ya que somos fabricantes e instaladores de p\u00e9rgolas de aluminio. P\u00e9rgolas a buen precio, econ\u00f3micas y de gran calidad. Tenemos diferentes tipos de acabado en aluminios Vallirana. P\u00e9rgolas de aluminio en lacado est\u00e1ndar, p\u00e9rgolas de aluminio en lacado especial, p\u00e9rgolas de aluminio en lacado madera, p\u00e9rgolas de aluminio en lacado futura, p\u00e9rgolas de aluminio en lacado texturado mate, p\u00e9rgolas de aluminio en anodizado plata, p\u00e9rgolas de aluminio en anodizado bronce, adem\u00e1s de las p\u00e9rgolas de aluminio con tratamiento marino.<\/p>","protected":false},"excerpt":{"rendered":"<div>\n<div>\n<h2>ENCUENTRE AQU\u00cd P\u00c9RGOLAS DE ALUMINIO DE GRAN CALIDAD<\/h2>\n<p style=\"text-align: justify;\">Las p\u00e9rgolas son estructuras de materiales consistentes y duraderos  que proporcionan sombras, estilo y elegancia a los entornos donde van situadas.  Suelen ser utilizadas como protecci\u00f3n solar, p\u00e9rgolas para  parques, p\u00e9rgolas para terrazas, p\u00e9rgolas para jardines, p\u00e9rgolas para piscinas, p\u00e9rgolas para restaurantes, p\u00e9rgolas para hoteles, p\u00e9rgolas para bares , es decir prolongaciones de espacios exteriores de fachadas o edificios. Sistema de p\u00e9rgolas de aluminio a partir de perfiles tubulares est\u00e1ndar o tubo especial decorativo de 120&#215;120. Combinaci\u00f3n con lamas fijas o m\u00f3viles, de aluminio.<br \/>\nP\u00e9rgola de aluminio de lamas ovaladas de 120 mm fijas. Lama ovalada aluminio orientable 120 mm. Lama ovalada aluminio orientable o fija 210-300. P\u00e9rgola de aluminio de lamas ovaladas orientables, con posibilidad de motorizaci\u00f3n en su apertura. Nuestras p\u00e9rgolas de aluminio con lamas fijas de madera llevan un barniz hidr\u00f3fugo y tratamiento especial para exteriores como el Lasur. P\u00e9rgola bioclim\u00e1tica, en la que permite la regulaci\u00f3n de entrada de luminosidad en varios grados, siempre motorizada. Este tipo de p\u00e9rgola bioclim\u00e1tica de aluminio con lama de 270 mm, permite la total estanqueidad al agua, p\u00e9rgola estanca, adem\u00e1s de poder acoplarle un sistema de canalizaci\u00f3n de agua o recogida de la misma.<\/p>\n<\/p><\/div>\n<div>\n<details>\n<summary>FICHES TECHNIQUES<\/summary>\n<div class=\"fila\">\n<div class=\"columna1\">\n                          <a title=\"Fiche technique\" href=\"\/multimedia\/fichas_tecnicas\/pergolas\/sistemacolum-perg_av.pdf\" target=\"_blank\" rel=\"noopener\"> <img decoding=\"async\" class=\"imgtech1\" src=\"\/wp-content\/uploads\/2022\/11\/sistemacolum-perg_av_page-0001.jpg\" alt=\"Ficha t\u00e9cnica Sistema Colum-Perg\" \/><\/a>\n                      <\/div>\n<\/p><\/div>\n<\/details>\n<\/div>\n<\/div>","protected":false},"featured_media":4466,"comment_status":"open","ping_status":"closed","template":"","meta":{"_acf_changed":false,"om_disable_all_campaigns":false},"product_brand":[],"product_cat":[184],"product_tag":[185,186],"class_list":{"0":"post-3005","1":"product","2":"type-product","3":"status-publish","4":"has-post-thumbnail","6":"product_cat-pergolas","7":"product_tag-pergola-de-aluminio","8":"product_tag-pergolas-de-aluminio","10":"first","11":"instock","12":"shipping-taxable","13":"product-type-simple"},"acf":[],"aioseo_notices":[],"_links":{"self":[{"href":"https:\/\/aluminiosvallirana.es\/fr\/wp-json\/wp\/v2\/product\/3005","targetHints":{"allow":["GET"]}}],"collection":[{"href":"https:\/\/aluminiosvallirana.es\/fr\/wp-json\/wp\/v2\/product"}],"about":[{"href":"https:\/\/aluminiosvallirana.es\/fr\/wp-json\/wp\/v2\/types\/product"}],"replies":[{"embeddable":true,"href":"https:\/\/aluminiosvallirana.es\/fr\/wp-json\/wp\/v2\/comments?post=3005"}],"wp:featuredmedia":[{"embeddable":true,"href":"https:\/\/aluminiosvallirana.es\/fr\/wp-json\/wp\/v2\/media\/4466"}],"wp:attachment":[{"href":"https:\/\/aluminiosvallirana.es\/fr\/wp-json\/wp\/v2\/media?parent=3005"}],"wp:term":[{"taxonomy":"product_brand","embeddable":true,"href":"https:\/\/aluminiosvallirana.es\/fr\/wp-json\/wp\/v2\/product_brand?post=3005"},{"taxonomy":"product_cat","embeddable":true,"href":"https:\/\/aluminiosvallirana.es\/fr\/wp-json\/wp\/v2\/product_cat?post=3005"},{"taxonomy":"product_tag","embeddable":true,"href":"https:\/\/aluminiosvallirana.es\/fr\/wp-json\/wp\/v2\/product_tag?post=3005"}],"curies":[{"name":"wp","href":"https:\/\/api.w.org\/{rel}","templated":true}]}}