{"id":3006,"date":"2022-11-14T13:13:19","date_gmt":"2022-11-14T12:13:19","guid":{"rendered":"http:\/\/aluminiosvallirana.es\/?post_type=product&#038;p=3006"},"modified":"2023-02-20T11:41:47","modified_gmt":"2023-02-20T10:41:47","slug":"pergolas-bioclimaticas","status":"publish","type":"product","link":"https:\/\/aluminiosvallirana.es\/fr\/productos\/pergolas-bioclimaticas\/","title":{"rendered":"P\u00e9rgolas bioclim\u00e1ticas"},"content":{"rendered":"<p class=\"descripcion\" style=\"text-align: justify;\"> Esta p\u00e9rgola de aluminio nos permite controlar perfectamente la intensidad solar, se pueden instalar calefactores por si se diera el caso de que el clima no acompa\u00f1e,sistemas de audio para saborear nuestra m\u00fasica favorita y permite incorporar luces LED en diferentes tonalidades para crear entornos id\u00edlicos. Adem\u00e1s todas estas funciones las podremos controlar desde nuestro Smartphone. Nuestra p\u00e9rgola bioclim\u00e1tica BioVall se suministra a medida y totalmente mecanizada para ser directamente ensamblada en la obra. Este sistema de p\u00e9rgola o techo con lamas orientables para exterior, es estanco y elegante, y ofrece un pleno aprovechamiento de la radiaci\u00f3n solar ya que ofrece inclinaciones desde 0\u00ba hasta 140\u00aa. La p\u00e9rgola de aluminio BioVall goza de un dise\u00f1o moderno que se adapta a todos los estilos. Esta p\u00e9rgola bioclim\u00e1tica puede personalizarse combinando diferentes colores e incluso incorporando luces LED, m\u00fasica, calefactor, control desde el tel\u00e9fono inteligente, etc.<\/p>","protected":false},"excerpt":{"rendered":"<div>\n<div>\n<h2>P\u00c9RGOLA BIOCLIM\u00c1TICA BIOVALL EN DIFERENTES ACABADOS.<\/h2>\n<p style=\"text-align: justify;\">La p\u00e9rgola bioclim\u00e1tica BioVall es un sistema de cobertura mediante lamas orientables motorizadas o de accionamiento manual. La p\u00e9rgola de aluminio BioVall es muy f\u00e1cil de instalar. Es un sistema de cubrimiento para exterior de gran versatilidad en las diferentes aplicaciones; ya sea para la realizaci\u00f3n de techos utilizando las estructuras existentes o en su ausencia mediante la realizaci\u00f3n de la estructura soporte en aluminio. Se trata de una p\u00e9rgola de aluminio con lamas m\u00f3viles de aluminio de 163 mm, con perfiles soporte de aluminio extrusionado de 160 mm y pilares de aluminio de 115&#215;115 para la realizaci\u00f3n de la estructura soporte. La p\u00e9rgola bioclim\u00e1tica BioVall est\u00e1 disponible en multitud de acabados de primera calidad: P\u00e9rgola bioclim\u00e1tica en cualquier color de la carta RAL. P\u00e9rgola bioclim\u00e1tica de aluminio lacada en acabados especiales, mates y texturados. P\u00e9rgola bioclim\u00e1tica en cualquier tono de la carta Futura. P\u00e9rgola bioclim\u00e1tica lacada en colores Alesta. P\u00e9rgola de aluminio en acabado anodizado. P\u00e9rgola BioVall en lacados imitaci\u00f3n madera. Con este sistema de p\u00e9rgola creamos espacios perfectos para nuestros clientes, donde pueden relajarse y disfrutar de su terraza o jard\u00edn independientemente de las condiciones clim\u00e1ticas existentes en ese momento.<\/p>\n<\/p><\/div>\n<div>\n<details>\n<summary>FICHES TECHNIQUES<\/summary>\n<div class=\"fila\">\n<div class=\"columna1\">\n                          <a title=\"Fiche technique\" href=\"\/multimedia\/fichas_tecnicas\/pergolas\/sistemacolum-perg_av.pdf\" target=\"_blank\" rel=\"noopener\"> <img decoding=\"async\" class=\"imgtech1\" src=\"\/wp-content\/uploads\/2023\/01\/SISTEMA-COLUM-PERG_page-0001.jpg\" alt=\"Ficha t\u00e9cnica SISTEMA COLUM-PERG\" \/><\/a>\n                      <\/div>\n<\/p><\/div>\n<\/details>\n<\/div>","protected":false},"featured_media":4455,"comment_status":"open","ping_status":"closed","template":"","meta":{"_acf_changed":false,"om_disable_all_campaigns":false},"product_brand":[],"product_cat":[184],"product_tag":[187,188],"class_list":{"0":"post-3006","1":"product","2":"type-product","3":"status-publish","4":"has-post-thumbnail","6":"product_cat-pergolas","7":"product_tag-pergola-bioclimatica","8":"product_tag-pergolas-bioclimaticas","10":"first","11":"instock","12":"shipping-taxable","13":"product-type-simple"},"acf":[],"aioseo_notices":[],"_links":{"self":[{"href":"https:\/\/aluminiosvallirana.es\/fr\/wp-json\/wp\/v2\/product\/3006","targetHints":{"allow":["GET"]}}],"collection":[{"href":"https:\/\/aluminiosvallirana.es\/fr\/wp-json\/wp\/v2\/product"}],"about":[{"href":"https:\/\/aluminiosvallirana.es\/fr\/wp-json\/wp\/v2\/types\/product"}],"replies":[{"embeddable":true,"href":"https:\/\/aluminiosvallirana.es\/fr\/wp-json\/wp\/v2\/comments?post=3006"}],"wp:featuredmedia":[{"embeddable":true,"href":"https:\/\/aluminiosvallirana.es\/fr\/wp-json\/wp\/v2\/media\/4455"}],"wp:attachment":[{"href":"https:\/\/aluminiosvallirana.es\/fr\/wp-json\/wp\/v2\/media?parent=3006"}],"wp:term":[{"taxonomy":"product_brand","embeddable":true,"href":"https:\/\/aluminiosvallirana.es\/fr\/wp-json\/wp\/v2\/product_brand?post=3006"},{"taxonomy":"product_cat","embeddable":true,"href":"https:\/\/aluminiosvallirana.es\/fr\/wp-json\/wp\/v2\/product_cat?post=3006"},{"taxonomy":"product_tag","embeddable":true,"href":"https:\/\/aluminiosvallirana.es\/fr\/wp-json\/wp\/v2\/product_tag?post=3006"}],"curies":[{"name":"wp","href":"https:\/\/api.w.org\/{rel}","templated":true}]}}