{"id":3025,"date":"2022-11-14T13:13:43","date_gmt":"2022-11-14T12:13:43","guid":{"rendered":"http:\/\/aluminiosvallirana.es\/?post_type=product&#038;p=3025"},"modified":"2023-02-20T14:43:25","modified_gmt":"2023-02-20T13:43:25","slug":"cancelas-de-aluminio-correderas-netcom","status":"publish","type":"product","link":"https:\/\/aluminiosvallirana.es\/fr\/productos\/cancelas-de-aluminio-correderas-netcom\/","title":{"rendered":"Cancelas de aluminio correderas &#8211; netcom"},"content":{"rendered":"<p class=\"descripcion\" style=\"text-align: justify;\">\n<li>Portail coulissant aluminium 60\u00d720 barreau rectangulaire, Vertical ou Horizontal, \u00e0 la verticale avec possibilit\u00e9 de donner des formes courbes en partie haute, \u00e0 travers les barreaux ou les poteaux.Possibilit\u00e9 d&#039;encadrer et de r\u00e9aliser des combinaisons mixtes de stores et de barreaux. Avec dessus triangulaire ou rond.<\/li>\n<li>Portail coulissant en aluminium avec barre rectangulaire 30\u00d715, Vertical ou Horizontal.<\/li>\n<li>Portail coulissant en aluminium \u00e0 barre rectangulaire 35\u00d720, Vertical ou Horizontal.<\/li>\n<li>Portail coulissant en aluminium \u00e0 barre rectangulaire 30\u00d730, Vertical ou Horizontal. Droite ou inclin\u00e9e.<\/li>\n<li>Portail coulissant en aluminium Barre convexe, verticale avec possibilit\u00e9 de donner des formes courbes dans la partie sup\u00e9rieure, \u00e0 travers les barreaux. Possibilit\u00e9 d&#039;encadrement et de combinaisons mixtes stores et barreaux. Couvercle en pointe de fl\u00e8che en m\u00e9tal tourn\u00e9.<\/li>\n<li>Portail coulissant en aluminium avec barre brute de 26 mm, vertical avec possibilit\u00e9 de donner des formes courbes dans la partie sup\u00e9rieure, \u00e0 travers les barreaux. Possibilit\u00e9 d&#039;encadrement et de combinaisons mixtes stores et barreaux. Avec couvercle rond en m\u00e9tal tourn\u00e9.<\/li>","protected":false},"excerpt":{"rendered":"<div>\n<div>\n<h2>ENCUENTRE AQU\u00cd CANCELAS DE ALUMINIO CORREDERAS &#8211; NETCOM<\/h2>\n<p style=\"text-align: justify;\">Le portail de jardin en aluminium mod\u00e8le NETCOM, est le portail coulissant en aluminium con\u00e7u pour coulisser \u00e0 l&#039;int\u00e9rieur du mur, ou lui faire face. Avec tige de fermeture, avec joint en caoutchouc et couvercle m\u00e9tallique sup\u00e9rieur. Avec guide en aluminium anodis\u00e9, cache d\u00e9cor clips\u00e9 et caches lat\u00e9raux. Guide sup\u00e9rieur m\u00e9tallique r\u00e9glable, pour r\u00e9soudre les effondrements de piliers ou de murs. Surface galvanis\u00e9e ou guide noyable. Arr\u00eat de fin de carri\u00e8re. Deux roulements en acier inoxydable int\u00e9gr\u00e9s dans les profil\u00e9s en aluminium. Ce portail alu ou porte coulissante alu pour entr\u00e9e v\u00e9hicule, dispose d&#039;une multitude de lames et de combinaisons :<\/p>\n<li>Portail coulissant aluminium rainure et languette lame 120\u00d722 mm aveugle, en position horizontale, verticale, inclin\u00e9e et \u00e0 chevrons.<\/li>\n<li>Portail coulissant en aluminium Lama Z-90 tubulaire, vertical ou horizontal.<\/li>\n<li>Portail coulissant en aluminium Lama Y-90 tubulaire, Vertical ou Horizontal.<\/li>\n<li>Portail coulissant aluminium Lame fixe de 50 tubulaire, Verticale ou Horizontale.<\/li>\n<li>Portail coulissant en aluminium, Lame Ovale 120, Verticale ou Horizontale.<\/li>\n<\/div>\n<div>\n<details>\n<summary>FICHES TECHNIQUES<\/summary>\n<div class=\"fila\">\n<div class=\"columna1\"><a title=\"Fiche technique\" href=\"\/multimedia\/fichas_tecnicas\/cancelas\/cancela_corredera_netcom_1.pdf\" target=\"_blank\" rel=\"noopener\"> <img decoding=\"async\" class=\"imgtech1\" src=\"\/multimedia\/fichas_tecnicas\/portada\/cancela_corredera_netcom_1.jpg\" alt=\"Ficha t\u00e9cnica\" \/><\/a><\/div>\n<div class=\"fila\">\n<div class=\"columna1\"><a title=\"Fiche technique\" href=\"\/multimedia\/fichas_tecnicas\/cancelas\/cancela_corredera_netcom_2.pdf\" target=\"_blank\" rel=\"noopener\"> <img decoding=\"async\" class=\"imgtech1\" src=\"\/multimedia\/fichas_tecnicas\/portada\/cancela_corredera_netcom_2.jpg\" alt=\"Ficha t\u00e9cnica\" \/><\/a><\/div>\n<div class=\"fila\">\n<div class=\"columna1\"><a title=\"Fiche technique\" href=\"\/multimedia\/fichas_tecnicas\/cancelas\/cancela_corredera_netcom_3.pdf\" target=\"_blank\" rel=\"noopener\"> <img decoding=\"async\" class=\"imgtech1\" src=\"\/multimedia\/fichas_tecnicas\/portada\/cancela_corredera_netcom_3.jpg\" alt=\"Ficha t\u00e9cnica\" \/><\/a><\/div>\n<\/div>\n<\/div>","protected":false},"featured_media":4841,"comment_status":"open","ping_status":"closed","template":"","meta":{"_acf_changed":false,"om_disable_all_campaigns":false},"product_brand":[],"product_cat":[189],"product_tag":[190,191],"class_list":{"0":"post-3025","1":"product","2":"type-product","3":"status-publish","4":"has-post-thumbnail","6":"product_cat-cancelas","7":"product_tag-cancela-corredera","8":"product_tag-cancelas-correderas","10":"first","11":"instock","12":"shipping-taxable","13":"product-type-simple"},"acf":[],"aioseo_notices":[],"_links":{"self":[{"href":"https:\/\/aluminiosvallirana.es\/fr\/wp-json\/wp\/v2\/product\/3025","targetHints":{"allow":["GET"]}}],"collection":[{"href":"https:\/\/aluminiosvallirana.es\/fr\/wp-json\/wp\/v2\/product"}],"about":[{"href":"https:\/\/aluminiosvallirana.es\/fr\/wp-json\/wp\/v2\/types\/product"}],"replies":[{"embeddable":true,"href":"https:\/\/aluminiosvallirana.es\/fr\/wp-json\/wp\/v2\/comments?post=3025"}],"wp:featuredmedia":[{"embeddable":true,"href":"https:\/\/aluminiosvallirana.es\/fr\/wp-json\/wp\/v2\/media\/4841"}],"wp:attachment":[{"href":"https:\/\/aluminiosvallirana.es\/fr\/wp-json\/wp\/v2\/media?parent=3025"}],"wp:term":[{"taxonomy":"product_brand","embeddable":true,"href":"https:\/\/aluminiosvallirana.es\/fr\/wp-json\/wp\/v2\/product_brand?post=3025"},{"taxonomy":"product_cat","embeddable":true,"href":"https:\/\/aluminiosvallirana.es\/fr\/wp-json\/wp\/v2\/product_cat?post=3025"},{"taxonomy":"product_tag","embeddable":true,"href":"https:\/\/aluminiosvallirana.es\/fr\/wp-json\/wp\/v2\/product_tag?post=3025"}],"curies":[{"name":"wp","href":"https:\/\/api.w.org\/{rel}","templated":true}]}}