{"id":3026,"date":"2022-11-14T13:13:43","date_gmt":"2022-11-14T12:13:43","guid":{"rendered":"http:\/\/aluminiosvallirana.es\/?post_type=product&#038;p=3026"},"modified":"2023-02-20T14:36:34","modified_gmt":"2023-02-20T13:36:34","slug":"cancelas-de-aluminio-practicables-orion","status":"publish","type":"product","link":"https:\/\/aluminiosvallirana.es\/fr\/productos\/cancelas-de-aluminio-practicables-orion\/","title":{"rendered":"Cancelas de aluminio practicables &#8211; orion"},"content":{"rendered":"<p class=\"descripcion\" style=\"text-align: justify;\">\n<li>Puerta cancela practicable de aluminio Barrote rectangular 60&#215;20, Vertical u Horizontal, en vertical con posibilidad de dar formas curvas en parte superior, mediante los barrotes o postes Posibilidad de enmarcar y hacer combinaciones mixtas ciegas y barrotes. Con tapa triangular o redonda.<\/li>\n<li>Puerta cancela practicable de aluminio Barrote rectangular 30&#215;15, Vertical u Horizontal.<\/li>\n<li>Portail coulissant en aluminium \u00e0 barre rectangulaire 35\u00d720, Vertical ou Horizontal.<\/li>\n<li>Puerta cancela corredera de aluminio Barrote rectangular 30&#215;30, Vertical u Horizontal. En forma recto o inclinado\n<li>Portail coulissant en aluminium Barre convexe, verticale avec possibilit\u00e9 de donner des formes courbes dans la partie sup\u00e9rieure, \u00e0 travers les barreaux. Possibilit\u00e9 d&#039;encadrement et de combinaisons mixtes stores et barreaux. Couvercle en pointe de fl\u00e8che en m\u00e9tal tourn\u00e9.<\/li>\n<li>Portail coulissant en aluminium avec barre brute de 26 mm, vertical avec possibilit\u00e9 de donner des formes courbes dans la partie sup\u00e9rieure, \u00e0 travers les barreaux. Possibilit\u00e9 d&#039;encadrement et de combinaisons mixtes stores et barreaux. Avec couvercle rond en m\u00e9tal tourn\u00e9.<\/li>","protected":false},"excerpt":{"rendered":"<div>\n<div>\n<h2>ENCUENTRE AQU\u00cd CANCELAS DE ALUMINIO PRACTICABLES ORION<\/h2>\n<p style=\"text-align: justify;\">CANCELAS DE 1 Y 2 HOJAS DE SERIE ORION<br \/>\nCancela de aluminio modelo ORION, son las puertas cancelas practicables, se realizan con perfilar\u00eda reforzada de dos mil\u00edmetros de espesor, sistema coplanar por ambas caras, con bisagras regulables de tres palas con amarre oculto. Dependiendo del modelo elegido y de las medidas de fabricaci\u00f3n, se pueden utilizar perfiles reforzados de 120 mm. De una o dos hojas practicables. Variedad en sistema de apertura y posibilidades de puertas cancelas practicables con formas inclinadas y puertas cancelas practicables con curvas, variedad de lamas y posibilidades:<\/p>\n<li>Puerta cancela practicable de aluminio Lama machihembrada 120&#215;22 mm ciega, en posici\u00f3n horizontal, vertical, inclinada, y en espiga.<\/li>\n<li>Puerta cancela practicable de aluminio Lama Z-90 tubular, Vertical u Horizontal.<\/li>\n<li>Puerta cancela practicable de aluminio Lama Y-90 tubular, Vertical u Horizontal.<\/li>\n<li>Puerta cancela practicable de aluminio Lama fija de 50 tubular, Vertical u Horizontal.<\/li>\n<li>Puerta cancela practicable de aluminio Lama Ovalada 120, Vertical u Horizontal.<\/li>\n<div>\n<details>\n<summary>FICHES TECHNIQUES<\/summary>\n<div class=\"fila\">\n<div class=\"columna1\">\n                          <a title=\"Fiche technique\" href=\"\/multimedia\/fichas_tecnicas\/cancelas\/cancelas_orion_1.pdf\" target=\"_blank\" rel=\"noopener\"> <img decoding=\"async\" class=\"imgtech1\" src=\"\/multimedia\/fichas_tecnicas\/portada\/cancelas_orion_1.jpg\" alt=\"Ficha t\u00e9cnica\" \/><\/a>\n                      <\/div>\n<div class=\"columna1\">\n                          <a title=\"Fiche technique\" href=\"\/multimedia\/fichas_tecnicas\/cancelas\/cancelas_orion_2.pdf\" target=\"_blank\" rel=\"noopener\"> <img decoding=\"async\" class=\"imgtech1\" src=\"\/multimedia\/fichas_tecnicas\/portada\/cancelas_orion_2.jpg\" alt=\"Ficha t\u00e9cnica\" \/><\/a>\n                      <\/div>\n<div class=\"columna1\">\n                          <a title=\"Fiche technique\" href=\"\/multimedia\/fichas_tecnicas\/cancelas\/cancelas_orion_3.pdf\" target=\"_blank\" rel=\"noopener\"> <img decoding=\"async\" class=\"imgtech1\" src=\"\/multimedia\/fichas_tecnicas\/portada\/cancelas_orion_3.jpg\" alt=\"Ficha t\u00e9cnica\" \/><\/a>\n                      <\/div>\n<\/details>\n<\/div>\n<\/div>","protected":false},"featured_media":4332,"comment_status":"open","ping_status":"closed","template":"","meta":{"_acf_changed":false,"om_disable_all_campaigns":false},"product_brand":[],"product_cat":[189],"product_tag":[192,193],"class_list":{"0":"post-3026","1":"product","2":"type-product","3":"status-publish","4":"has-post-thumbnail","6":"product_cat-cancelas","7":"product_tag-cancela-practicable","8":"product_tag-cancelas-practicables","10":"first","11":"instock","12":"shipping-taxable","13":"product-type-simple"},"acf":[],"aioseo_notices":[],"_links":{"self":[{"href":"https:\/\/aluminiosvallirana.es\/fr\/wp-json\/wp\/v2\/product\/3026","targetHints":{"allow":["GET"]}}],"collection":[{"href":"https:\/\/aluminiosvallirana.es\/fr\/wp-json\/wp\/v2\/product"}],"about":[{"href":"https:\/\/aluminiosvallirana.es\/fr\/wp-json\/wp\/v2\/types\/product"}],"replies":[{"embeddable":true,"href":"https:\/\/aluminiosvallirana.es\/fr\/wp-json\/wp\/v2\/comments?post=3026"}],"wp:featuredmedia":[{"embeddable":true,"href":"https:\/\/aluminiosvallirana.es\/fr\/wp-json\/wp\/v2\/media\/4332"}],"wp:attachment":[{"href":"https:\/\/aluminiosvallirana.es\/fr\/wp-json\/wp\/v2\/media?parent=3026"}],"wp:term":[{"taxonomy":"product_brand","embeddable":true,"href":"https:\/\/aluminiosvallirana.es\/fr\/wp-json\/wp\/v2\/product_brand?post=3026"},{"taxonomy":"product_cat","embeddable":true,"href":"https:\/\/aluminiosvallirana.es\/fr\/wp-json\/wp\/v2\/product_cat?post=3026"},{"taxonomy":"product_tag","embeddable":true,"href":"https:\/\/aluminiosvallirana.es\/fr\/wp-json\/wp\/v2\/product_tag?post=3026"}],"curies":[{"name":"wp","href":"https:\/\/api.w.org\/{rel}","templated":true}]}}