{"id":3028,"date":"2022-11-14T13:13:43","date_gmt":"2022-11-14T12:13:43","guid":{"rendered":"http:\/\/aluminiosvallirana.es\/?post_type=product&#038;p=3028"},"modified":"2023-01-16T17:35:12","modified_gmt":"2023-01-16T16:35:12","slug":"ojos-de-buey","status":"publish","type":"product","link":"https:\/\/aluminiosvallirana.es\/fr\/productos\/ojos-de-buey\/","title":{"rendered":"Hublots en aluminium"},"content":{"rendered":"<p class=\"descripcion\" style=\"text-align: justify;\">Nuestros ojos de buey, pueden ser circulares, ovoides o rect\u00e1ngulos, con uno o varios radios. Fabricamos ojos de buey con materiales de serie fr\u00eda y ojos de buey con Rotura Puente T\u00e9rmico, siendo esta nuestra especialidad. Adem\u00e1s, disponemos de ojos de buey con Canal 16, tanto en series fr\u00edas, como en series con Rotura Puente T\u00e9rmico.<br \/>\nPodemos ofrecer nuestros ojos de buey acristalados, o sea con vidrio simple, o de c\u00e1mara u ojos de buey climalit. Debido a nuestra gran experiencia y evoluci\u00f3n, en el sector del aluminio curvado, conseguimos unos di\u00e1metros muy peque\u00f1os en nuestros ojos de buey. En los ojos de buey de aluminio con series frias, llegamos a di\u00e1metros de 400 mm y en los ojos de buey de aluminio con Rotura puente T\u00e9rmico, llegamos a di\u00e1metros de 500 mm. Para ello utilizamos nuevas t\u00e9cnicas de curvado, as\u00ed como los mejores materiales. Realizamos ojos de buey en todas las series existentes de aluminio, carpinter\u00eda de 40 (Alba 40, Renova 40, Itesal 40, etc), con carpinter\u00eda de 45 (Alfil , 45, Renova 45, etc), carpinter\u00eda de 52 de Itesal, carpinter\u00eda de 45 RPT (Alfil 45 RPT, Renova 45 RPT, etc), carpinter\u00eda de 65 RPT (Alba 65 RPT, Renova 65 RPT, Cortizo 60 RPT, etc), carpinter\u00eda canal 16, con o sin RPT, series de hoja oculta.<\/p>","protected":false},"excerpt":{"rendered":"<div>\n<div>\n<h2>ENCUENTRE AQU\u00cd OJOS DE BUEY<\/h2>\n<p style=\"text-align: justify;\">Los ojos de buey son perforaciones con forma circular que se colocan en los barcos o mamparas para captar ventilaci\u00f3n e iluminaci\u00f3n. En general, son ventanas circulares. Pues bien, Aluminios Vallirana, es uno de los fabricantes l\u00edderes en la fabricaci\u00f3n de ojos de buey de aluminio, ojos de buey de calidad, ojos de buey a buen precio, nos encargamos de la distribuci\u00f3n de ventanas circulares u ojos de buey por Catalu\u00f1a, Espa\u00f1a, Islas Baleares, Islas Canarias, Europa y resto del Mundo. Podemos encargarnos de la instalaci\u00f3n de ojos de buey o ventanas circulares, o si lo desean simplemente la distribuci\u00f3n de ventanas circulares a nuestros clientes, para poder ayudarles en sus proyectos. Disponemos de innumerables modelos de ventanas circulares de aluminio, como: ojo de buey fijo circular, ojo de buey mitad abatible y mitad fijo, ojo de buey de apertura total, ventana pivotante, ventana circular de aluminio giratoria, ojo de buey de aluminio fundici\u00f3n.<br \/>\nNous sommes des fabricants leaders dans la fabrication de hublots en aluminium.<\/p>\n<\/div>\n<div>\n<details>\n<summary>FICHES TECHNIQUES<\/summary>\n<div class=\"fila\">\n<div class=\"columna1\"><a title=\"Fiche technique\" href=\"\/multimedia\/fichas_tecnicas\/ojos_buey\/alba40_av.pdf\" target=\"_blank\" rel=\"noopener\"> <img decoding=\"async\" class=\"imgtech1\" src=\"\/wp-content\/uploads\/2022\/11\/alba40_av_page-0001.jpg\" alt=\"Ficha t\u00e9cnica ALBA 40\" \/><\/a><\/div>\n<div class=\"columna1\"><a title=\"Fiche technique\" href=\"\/multimedia\/fichas_tecnicas\/ojos_buey\/alba65rpt_av.pdf\" target=\"_blank\" rel=\"noopener\"> <img decoding=\"async\" class=\"imgtech1\" src=\"\/wp-content\/uploads\/2022\/11\/alba65rpt_av_page-0001.jpg\" alt=\"Ficha t\u00e9cnica ALBA 65 RPT\" \/><\/a><\/div>\n<div class=\"columna1\"><a title=\"Fiche technique\" href=\"\/multimedia\/fichas_tecnicas\/ojos_buey\/alba65rptcanal16_av.pdf\" target=\"_blank\" rel=\"noopener\"> <img decoding=\"async\" class=\"imgtech1\" src=\"\/wp-content\/uploads\/2022\/11\/alba65rptcanal16_av_page-0001.jpg\" alt=\"Ficha t\u00e9cnica ALBA 65 RPT C16\" \/><\/a><\/div>\n<\/div>\n<div class=\"fila\">\n<div class=\"columna1\"><a title=\"Fiche technique\" href=\"\/multimedia\/fichas_tecnicas\/puertas_curvas\/alfila45rpt_av.pdf\" target=\"_blank\" rel=\"noopener\"> <img decoding=\"async\" class=\"imgtech1\" src=\"\/wp-content\/uploads\/2022\/11\/ho70rpt_av_page-0001.jpg\" alt=\"Ficha t\u00e9cnica ALFIL A45 RPT\" \/><\/a><\/div>\n<div class=\"columna1\"><a title=\"Fiche technique\" href=\"\/multimedia\/fichas_tecnicas\/ojos_buey\/ho70rptcanal16_av.pdf\" target=\"_blank\" rel=\"noopener\"> <img decoding=\"async\" class=\"imgtech1\" src=\"\/wp-content\/uploads\/2022\/11\/ho70rptcanal16_av_page-0001.jpg\" alt=\"Ficha t\u00e9cnica HOJA OCULTA HO70 RPT C16\" \/><\/a><\/div>\n<div class=\"columna1\"><a title=\"Fiche technique\" href=\"\/multimedia\/fichas_tecnicas\/ojos_buey\/pivotante45rpt_av.pdf\" target=\"_blank\" rel=\"noopener\"> <img decoding=\"async\" class=\"imgtech1\" src=\"\/wp-content\/uploads\/2022\/11\/pivotante45rpt_av_page-0001.jpg\" alt=\"Ficha t\u00e9cnica IVOTANTE 45 RPT\" \/><\/a><\/div>\n<\/div>\n<\/details>\n<\/div>\n<\/div>","protected":false},"featured_media":4108,"comment_status":"open","ping_status":"closed","template":"","meta":{"_acf_changed":false,"om_disable_all_campaigns":false},"product_brand":[],"product_cat":[100],"product_tag":[113,114],"class_list":{"0":"post-3028","1":"product","2":"type-product","3":"status-publish","4":"has-post-thumbnail","6":"product_cat-aluminio-curvado-barato","7":"product_tag-ojo-de-buey","8":"product_tag-ojos-de-buey","10":"first","11":"instock","12":"shipping-taxable","13":"product-type-simple"},"acf":[],"aioseo_notices":[],"_links":{"self":[{"href":"https:\/\/aluminiosvallirana.es\/fr\/wp-json\/wp\/v2\/product\/3028","targetHints":{"allow":["GET"]}}],"collection":[{"href":"https:\/\/aluminiosvallirana.es\/fr\/wp-json\/wp\/v2\/product"}],"about":[{"href":"https:\/\/aluminiosvallirana.es\/fr\/wp-json\/wp\/v2\/types\/product"}],"replies":[{"embeddable":true,"href":"https:\/\/aluminiosvallirana.es\/fr\/wp-json\/wp\/v2\/comments?post=3028"}],"wp:featuredmedia":[{"embeddable":true,"href":"https:\/\/aluminiosvallirana.es\/fr\/wp-json\/wp\/v2\/media\/4108"}],"wp:attachment":[{"href":"https:\/\/aluminiosvallirana.es\/fr\/wp-json\/wp\/v2\/media?parent=3028"}],"wp:term":[{"taxonomy":"product_brand","embeddable":true,"href":"https:\/\/aluminiosvallirana.es\/fr\/wp-json\/wp\/v2\/product_brand?post=3028"},{"taxonomy":"product_cat","embeddable":true,"href":"https:\/\/aluminiosvallirana.es\/fr\/wp-json\/wp\/v2\/product_cat?post=3028"},{"taxonomy":"product_tag","embeddable":true,"href":"https:\/\/aluminiosvallirana.es\/fr\/wp-json\/wp\/v2\/product_tag?post=3028"}],"curies":[{"name":"wp","href":"https:\/\/api.w.org\/{rel}","templated":true}]}}