{"id":3052,"date":"2022-11-14T13:14:05","date_gmt":"2022-11-14T12:14:05","guid":{"rendered":"http:\/\/aluminiosvallirana.es\/?post_type=product&#038;p=3052"},"modified":"2023-01-18T17:14:54","modified_gmt":"2023-01-18T16:14:54","slug":"puertas-ventanas-plegable-deslizantes-acristaladas","status":"publish","type":"product","link":"https:\/\/aluminiosvallirana.es\/fr\/productos\/puertas-ventanas-plegable-deslizantes-acristaladas\/","title":{"rendered":"Puertas y Ventanas plegable deslizantes acristaladas"},"content":{"rendered":"<p class=\"descripcion\" style=\"text-align: justify;\">Las plegables deslizantes, como bien dice el nombre, son ventanas practicables que plegan y deslizan a su vez por una gu\u00eda superior desde donde van suspendidas las hojas y una gu\u00eda inferior que sirve para guiarlas en su recorrido. Pueden ser desde 2 hojas, hasta innumerables hojas y combinaciones. Pueden ser tanto hojas pares, como impares. Ejemplo de combinaciones: (1+2), (2+2), (1+3), (2+3), (3+3), (0+3), (0+4), (1+4), (2+4), (3+4) multitud de combinaciones. Somos fabricantes, distribuidores e instaladores de ventanas deslizantes acristaladas. Fabricamos\u00a0 ventanas deslizantes acristaladas econ\u00f3micas y de gran calidad, pudi\u00e9ndose realizar tanto en series de 40&#215;40, como en series de c\u00e1mara europea y herrajes europeos de mercado. Varios modelos de\u00a0 ventanas deslizantes acristaladas, recordamos que pueden fabricarse tanto en series fr\u00edas, como en series de Rotura Puente T\u00e9rmico:\u00a0 ventana deslizante acristalada en la serie Alba 40, ventana deslizante acristalada en la serie Alfil 45, ventana deslizante acristalada en la serie Alfil 45 RPT, ventana deslizante acristalada en la serie Alba 65 RPT. Se recomiendan que las hojas oscilen entre 60 y 70 cent\u00edmetros de anchas para un \u00f3ptimo deslizamiento y regulaci\u00f3n.<\/p>","protected":false},"excerpt":{"rendered":"<div>\n<div>\n<h2>FABRICANT DE FEN\u00caTRES ET PORTES PLIANTES COULISSANTES VITR\u00c9ES<\/h2>\n<p style=\"text-align: justify;\">Le pliage coulissant ou ondul\u00e9 peut \u00eatre pour des volets \u00e0 lames fixes et\/ou mobiles ou pour des baies vitr\u00e9es coulissantes. Dans ce dernier cas, nous pouvons vous servir des fen\u00eatres coulissantes sans verre et pr\u00e9par\u00e9es pour cela ou bien vitr\u00e9es avec n&#039;importe quel verre, telles que les fen\u00eatres vitr\u00e9es climalit. Une autre option demand\u00e9e par nos clients est avec une t\u00f4le sandwich ou avec des lattes aveugles \u00e0 rainure et languette. Ces fen\u00eatres coulissantes sont suspendues au moyen de chariots dans un guide sup\u00e9rieur, ces fen\u00eatres co\u00fbteuses ont un r\u00e9glage en hauteur. Ils ont \u00e9galement des chariots inf\u00e9rieurs comme guides avec r\u00e9glage en hauteur. Ces baies coulissantes vitr\u00e9es peuvent \u00eatre \u00e0 cadre ouvert ou ferm\u00e9, dans le cas d&#039;un cadre ouvert, elles ont un guide ou un om\u00e9ga \u00e0 encastrer.<\/p>\n<\/div>\n<div>\n<details>\n<summary>FICHES TECHNIQUES<\/summary>\n<div class=\"fila\">\n<div class=\"columna1\">\n                          <a title=\"Fiche technique\" href=\"\/multimedia\/fichas_tecnicas\/ventanas_plegables_deslizantes_acristaladas\/alba40_av.pdf\" target=\"_blank\" rel=\"noopener\"> <img decoding=\"async\" class=\"imgtech1\" src=\"\/multimedia\/fichas_tecnicas\/ventanas_plegables_deslizantes_acristaladas\/alba40_av_page-0001.jpg\" alt=\"Ficha t\u00e9cnica ALBA 40\" \/><\/a>\n                      <\/div>\n<div class=\"columna1\">\n                          <a title=\"Fiche technique\" href=\"\/multimedia\/fichas_tecnicas\/ventanas_plegables_deslizantes_acristaladas\/alba65rpt_av.pdf\" target=\"_blank\" rel=\"noopener\"> <img decoding=\"async\" class=\"imgtech1\" src=\"\/multimedia\/fichas_tecnicas\/ventanas_plegables_deslizantes_acristaladas\/alba65rpt_av_page-0001.jpg\" alt=\"Ficha t\u00e9cnica ALBA 65 RPT\" \/><\/a>\n                      <\/div>\n<\/p><\/div>\n<\/details>\n<\/div>","protected":false},"featured_media":4072,"comment_status":"open","ping_status":"closed","template":"","meta":{"_acf_changed":false,"om_disable_all_campaigns":false},"product_brand":[],"product_cat":[197],"product_tag":[242],"class_list":{"0":"post-3052","1":"product","2":"type-product","3":"status-publish","4":"has-post-thumbnail","6":"product_cat-plegables-deslizantes-acristaladas","7":"product_tag-ventanas-y-puertas-plegable-deslizantes-acristaladas","9":"first","10":"instock","11":"shipping-taxable","12":"product-type-simple"},"acf":[],"aioseo_notices":[],"_links":{"self":[{"href":"https:\/\/aluminiosvallirana.es\/fr\/wp-json\/wp\/v2\/product\/3052","targetHints":{"allow":["GET"]}}],"collection":[{"href":"https:\/\/aluminiosvallirana.es\/fr\/wp-json\/wp\/v2\/product"}],"about":[{"href":"https:\/\/aluminiosvallirana.es\/fr\/wp-json\/wp\/v2\/types\/product"}],"replies":[{"embeddable":true,"href":"https:\/\/aluminiosvallirana.es\/fr\/wp-json\/wp\/v2\/comments?post=3052"}],"wp:featuredmedia":[{"embeddable":true,"href":"https:\/\/aluminiosvallirana.es\/fr\/wp-json\/wp\/v2\/media\/4072"}],"wp:attachment":[{"href":"https:\/\/aluminiosvallirana.es\/fr\/wp-json\/wp\/v2\/media?parent=3052"}],"wp:term":[{"taxonomy":"product_brand","embeddable":true,"href":"https:\/\/aluminiosvallirana.es\/fr\/wp-json\/wp\/v2\/product_brand?post=3052"},{"taxonomy":"product_cat","embeddable":true,"href":"https:\/\/aluminiosvallirana.es\/fr\/wp-json\/wp\/v2\/product_cat?post=3052"},{"taxonomy":"product_tag","embeddable":true,"href":"https:\/\/aluminiosvallirana.es\/fr\/wp-json\/wp\/v2\/product_tag?post=3052"}],"curies":[{"name":"wp","href":"https:\/\/api.w.org\/{rel}","templated":true}]}}