{"id":3055,"date":"2022-11-14T13:14:05","date_gmt":"2022-11-14T12:14:05","guid":{"rendered":"http:\/\/aluminiosvallirana.es\/?post_type=product&#038;p=3055"},"modified":"2023-01-17T14:45:00","modified_gmt":"2023-01-17T13:45:00","slug":"ventanas-aluminio-madera-mixto-con-curva","status":"publish","type":"product","link":"https:\/\/aluminiosvallirana.es\/fr\/productos\/ventanas-aluminio-madera-mixto-con-curva\/","title":{"rendered":"Fen\u00eatres en bois m\u00e9lang\u00e9"},"content":{"rendered":"<p class=\"descripcion\" style=\"text-align: justify;\">Ventanas de aluminio y madera mixto con madera DM, pintable y\/o barnizable y aluminio lacado futura, por el exterior.<br \/>\nVentanas de aluminio y madera mixto con madera DM, pintable y\/o barnizable y aluminio lacado mate texturado, por el exterior.<br \/>\nVentanas de aluminio y madera mixto con madera DM, pintable y\/o barnizable y aluminio lacado madera, por el exterior.<\/p>\n<p style=\"text-align: justify;\">Fabricantes e instaladores de ventanas de aluminio madera mixto con curva.<\/p>\n<p style=\"text-align: justify;\">Ventanas de aluminio y madera mixto con madera DM, pintable y\/o barnizable y aluminio anodizado plata, por el exterior.<br \/>\nVentanas de aluminio y madera mixto con madera DM, pintable y\/o barnizable y aluminio anodizado bronce, por el exterior.<br \/>\nVentanas de aluminio y madera mixto con madera DM, pintable y\/o barnizable y aluminio anodizado inox, por el exterior.<\/p>","protected":false},"excerpt":{"rendered":"<div>\n<div>\n<h2>ENCUENTRE AQU\u00cd VENTANAS ALUMINIO MADERA MIXTO.<\/h2>\n<p style=\"text-align: justify;\">Aluminios Vallirana, presenta la Novedad en ventanas curvas de aluminio y madera (MIXTO) en rotura de puente t\u00e9rmico.<br \/>\nEstas ventanas aluminio y madera mixto, llevan madera de DM, para poder pintar, lacar o barnizar, por el interior de la vivienda y aluminio por el exterior, en cualquier de nuestros acabados.<\/p>\n<p>Esto unido mediante una poliamida intermedia. Lleva junquillos de aluminio recubiertos de madera, para soportar los vidrios.<\/p>\n<p>Amplia gama de acabados.<\/p>\n<p>Ventanas de aluminio y madera mixto con madera DM, pintable y\/o barnizable y aluminio lacado blanco, por el exterior.<br \/>\nVentanas de aluminio y madera mixto con madera DM, pintable y\/o barnizable y aluminio lacado est\u00e1ndar, por el exterior.<br \/>\nVentanas de aluminio y madera mixto con madera DM, pintable y\/o barnizable y aluminio lacado especial, por el exterior.<\/p>\n<\/div>\n<div>\n<details>\n<summary>FICHES TECHNIQUES<\/summary>\n<div class=\"fila\">\n<div class=\"columna1\"><a title=\"Fiche technique\" href=\"\/multimedia\/fichas_tecnicas\/aluminio_madera_mixto\/ALBA_ALUMINIO_MADERA.pdf\" target=\"_blank\" rel=\"noopener\"> <img decoding=\"async\" class=\"imgtech1\" src=\"\/wp-content\/uploads\/2023\/01\/ALBA-ALUMINIO-MADERA_page-0001.jpg\" alt=\"Ficha t\u00e9cnica ALBA ALUMINIO MADERA\" \/><\/a><\/div>\n<\/div>\n<\/details>\n<\/div>\n<\/div>","protected":false},"featured_media":4266,"comment_status":"open","ping_status":"closed","template":"","meta":{"_acf_changed":false,"om_disable_all_campaigns":false},"product_brand":[],"product_cat":[100],"product_tag":[207,208],"class_list":{"0":"post-3055","1":"product","2":"type-product","3":"status-publish","4":"has-post-thumbnail","6":"product_cat-aluminio-curvado-barato","7":"product_tag-ventana-madera-mixto-con-curva","8":"product_tag-ventanas-madera-mixto-con-curva","10":"first","11":"instock","12":"shipping-taxable","13":"product-type-simple"},"acf":[],"aioseo_notices":[],"_links":{"self":[{"href":"https:\/\/aluminiosvallirana.es\/fr\/wp-json\/wp\/v2\/product\/3055","targetHints":{"allow":["GET"]}}],"collection":[{"href":"https:\/\/aluminiosvallirana.es\/fr\/wp-json\/wp\/v2\/product"}],"about":[{"href":"https:\/\/aluminiosvallirana.es\/fr\/wp-json\/wp\/v2\/types\/product"}],"replies":[{"embeddable":true,"href":"https:\/\/aluminiosvallirana.es\/fr\/wp-json\/wp\/v2\/comments?post=3055"}],"wp:featuredmedia":[{"embeddable":true,"href":"https:\/\/aluminiosvallirana.es\/fr\/wp-json\/wp\/v2\/media\/4266"}],"wp:attachment":[{"href":"https:\/\/aluminiosvallirana.es\/fr\/wp-json\/wp\/v2\/media?parent=3055"}],"wp:term":[{"taxonomy":"product_brand","embeddable":true,"href":"https:\/\/aluminiosvallirana.es\/fr\/wp-json\/wp\/v2\/product_brand?post=3055"},{"taxonomy":"product_cat","embeddable":true,"href":"https:\/\/aluminiosvallirana.es\/fr\/wp-json\/wp\/v2\/product_cat?post=3055"},{"taxonomy":"product_tag","embeddable":true,"href":"https:\/\/aluminiosvallirana.es\/fr\/wp-json\/wp\/v2\/product_tag?post=3055"}],"curies":[{"name":"wp","href":"https:\/\/api.w.org\/{rel}","templated":true}]}}