{"id":5283,"date":"2023-04-16T21:42:06","date_gmt":"2023-04-16T19:42:06","guid":{"rendered":"https:\/\/aluminiosvallirana.es\/?post_type=product&#038;p=5283"},"modified":"2023-04-17T07:41:05","modified_gmt":"2023-04-17T05:41:05","slug":"formas-de-pvc-curvado","status":"publish","type":"product","link":"https:\/\/aluminiosvallirana.es\/fr\/productos\/formas-de-pvc-curvado\/","title":{"rendered":"Formas de PVC curvado"},"content":{"rendered":"<p>\u2022 CURVA MEDIO PUNTO de PVC, se considera curva de medio punto, cuando el ancho de la ventana es el doble de la altura de la curva, se caracteriza por suavizar el arranque de la curva a partir del travesa\u00f1o vertical. Este tipo de curva es muy est\u00e9tico, ya que el mismo perfil arranca desde su posici\u00f3n recta y comienza la curva de un radio suavemente, hasta acabar en el otro lado de la ventana, tambi\u00e9n suavemente y acabar en recto, dependiendo de la altura total de la ventana. Se pueden realizar todos los tipos de apertura, excepto el giratorio.<br \/>\n\u2022\tCURVA MEDITERR\u00c1NEA, O DE TRES RADIOS de PVC, este tipo de curva, normalmente, pero no siempre, comienza desde un travesa\u00f1o recto con una curva cerrada de un radio, despu\u00e9s se abre suavemente el radio convirti\u00e9ndose en un radio m\u00e1s grande y volviendo a un radio m\u00e1s cerrado, como el primero y acabando en lado recto. En este tipo de curvado, se aconseja, realizar plantilla en obra, para poder realizarla. Se pueden realizar todos los tipos de apertura, excepto el giratorio.<\/p>","protected":false},"excerpt":{"rendered":"<div>\n<div>\n<h2>ESTAS SON LAS FORMAS DE PVC CURVADO M\u00c1S FABRICADAS<\/h2>\n<p style=\"text-align: justify;\">Os dejamos una peque\u00f1a gu\u00eda de las formas de curvado de PVC habituales, pero si necesit\u00e1is otras, <strong><a href=\"\/fr\/contacto\/\">CONS\u00daLTANOS<\/a><\/strong>. Pod\u00e9is ver en nuestras <strong><a href=\"\/fr\/trabajos_artesanales_carpinteria_pvc\/\">TRABAJOS ARTESANALES EN PVC<\/a><\/strong> que no tenemos l\u00edmites.<br \/>\n\u2022 CURVA C\u00cdRCULO de PVC, ventana circular, ventana fija circular, ventana ojo de buey mitad abatible y mitad fija, ventana circular pivotante, ventana circular abatible total, ventana circular giratoria. La complejidad de este tipo de curva depender\u00e1 del material escogido y del di\u00e1metro del mismo.<br \/>\n\u2022 CURVA \u00d3VALO O ELIPSE de PVC, este tipo de curvado tiene 4 radios, 2 en los extremos y 2 entre los extremos. De bastante complejidad de elaboraci\u00f3n, los tipos de ventanas que se pueden realizar con este tipo de curvado, son los mismos que con el c\u00edrculo, excepto la ventana giratoria. En este tipo de curvado, se aconseja sacar plantilla para su elaboraci\u00f3n.<br \/>\n\u2022 CURVA RECT\u00c1NGULO de PVC, con radios en las cuatro esquinas, es una curva rectil\u00ednea con cuatro radios iguales y cuatro lados. Los tipos de ventanas que se pueden realizar con este tipo de curvado son los mismos que con el c\u00edrculo, excepto la ventana giratoria.<br \/>\n\u2022 CURVA \u00d3VALO RECTO de PVC, tiene 2 radios en los extremos y 2 lados rectos. Es como si uni\u00e9ramos 2 medios puntos, pero de forma continua. Se pueden realizar todos los tipos de apertura, excepto el giratorio.<\/p>\n<\/div>\n<div>\n<div>\n<details>\n<summary>FICHES TECHNIQUES<\/summary>\n<div class=\"fila\">\n<div class=\"columna1\"><a title=\"Fiche technique\" href=\"\/multimedia\/fichas_tecnicas\/curvado_pvc\/ficha_tecnica_a70_abisagrada.pdf\" target=\"_blank\" rel=\"noopener\"> <img decoding=\"async\" class=\"imgtech1\" src=\"\/wp-content\/uploads\/2023\/04\/ficha_tecnica_a70_abisagrada.jpg\" alt=\"Ficha t\u00e9cnica A70 Abisagrada\" \/><\/a><\/div>\n<div class=\"columna1\"><a title=\"Fiche technique\" href=\"\/multimedia\/fichas_tecnicas\/curvado_pvc\/ficha_tecnica_euro_design_70.pdf\" target=\"_blank\" rel=\"noopener\"> <img decoding=\"async\" class=\"imgtech1\" src=\"\/wp-content\/uploads\/2023\/04\/ficha_tecnica_euro_design_70.jpg\" alt=\"Ficha t\u00e9cnica Euro-Design 70\" \/><\/a><\/div>\n<\/div>\n<\/details>\n<\/div>\n<\/div>","protected":false},"featured_media":5284,"comment_status":"closed","ping_status":"closed","template":"","meta":{"_acf_changed":false,"om_disable_all_campaigns":false},"product_brand":[],"product_cat":[244],"product_tag":[],"class_list":{"0":"post-5283","1":"product","2":"type-product","3":"status-publish","4":"has-post-thumbnail","6":"product_cat-curvado_pvc","8":"first","9":"instock","10":"shipping-taxable","11":"product-type-simple"},"acf":[],"aioseo_notices":[],"_links":{"self":[{"href":"https:\/\/aluminiosvallirana.es\/fr\/wp-json\/wp\/v2\/product\/5283","targetHints":{"allow":["GET"]}}],"collection":[{"href":"https:\/\/aluminiosvallirana.es\/fr\/wp-json\/wp\/v2\/product"}],"about":[{"href":"https:\/\/aluminiosvallirana.es\/fr\/wp-json\/wp\/v2\/types\/product"}],"replies":[{"embeddable":true,"href":"https:\/\/aluminiosvallirana.es\/fr\/wp-json\/wp\/v2\/comments?post=5283"}],"wp:featuredmedia":[{"embeddable":true,"href":"https:\/\/aluminiosvallirana.es\/fr\/wp-json\/wp\/v2\/media\/5284"}],"wp:attachment":[{"href":"https:\/\/aluminiosvallirana.es\/fr\/wp-json\/wp\/v2\/media?parent=5283"}],"wp:term":[{"taxonomy":"product_brand","embeddable":true,"href":"https:\/\/aluminiosvallirana.es\/fr\/wp-json\/wp\/v2\/product_brand?post=5283"},{"taxonomy":"product_cat","embeddable":true,"href":"https:\/\/aluminiosvallirana.es\/fr\/wp-json\/wp\/v2\/product_cat?post=5283"},{"taxonomy":"product_tag","embeddable":true,"href":"https:\/\/aluminiosvallirana.es\/fr\/wp-json\/wp\/v2\/product_tag?post=5283"}],"curies":[{"name":"wp","href":"https:\/\/api.w.org\/{rel}","templated":true}]}}