{"id":5296,"date":"2023-04-17T06:57:59","date_gmt":"2023-04-17T04:57:59","guid":{"rendered":"https:\/\/aluminiosvallirana.es\/?post_type=product&#038;p=5296"},"modified":"2023-04-18T10:05:58","modified_gmt":"2023-04-18T08:05:58","slug":"ojos-de-buey-en-pvc","status":"publish","type":"product","link":"https:\/\/aluminiosvallirana.es\/fr\/productos\/ojos-de-buey-en-pvc\/","title":{"rendered":"Ojos de Buey en PVC"},"content":{"rendered":"<p>Nuestros ojos de buey, pueden ser circulares, ovoides o rect\u00e1ngulos, con uno o varios radios. Fabricamos ojos de buey con materiales de serie fr\u00eda y ojos de buey de PVC, siendo esta nuestra especialidad. Podemos ofrecer nuestros ojos de buey acristalados, o sea con vidrio simple, o de c\u00e1mara u ojos de buey climalit. Debido a nuestra gran experiencia y evoluci\u00f3n, en el sector del PVC curvado, conseguimos unos di\u00e1metros muy peque\u00f1os en nuestros ojos de buey. En los ojos de buey de PVC con diferentes series Para ello utilizamos nuevas t\u00e9cnicas de curvado, as\u00ed como los mejores materiales de PVC. Realizamos ojos de buey en todas las series existentes de PVC, carpinter\u00eda de REHAU y Cortizo.<\/p>","protected":false},"excerpt":{"rendered":"<div>\n<div>\n<h2>FABRICANTES DE OJOS DE BUEY EN PVC<\/h2>\n<p style=\"text-align: justify;\">Los ojos de buey son perforaciones con forma circular que se colocan en los barcos o mamparas para captar ventilaci\u00f3n e iluminaci\u00f3n. En general, son ventanas circulares. Pues bien, Aluminios Vallirana, es uno de los fabricantes l\u00edderes en la fabricaci\u00f3n de ojos de buey de PVC, ojos de buey de calidad en PVC, ojos de buey a buen precio de PVC, nos encargamos de la distribuci\u00f3n de ventanas circulares u ojos de buey por Catalu\u00f1a, Espa\u00f1a, Islas Baleares, Islas Canarias, Europa y resto del Mundo. Podemos encargarnos de la instalaci\u00f3n de ojos de buey o ventanas circulares, o si lo desean simplemente la distribuci\u00f3n de ventanas circulares a nuestros clientes, para poder ayudarles en sus proyectos. Disponemos de innumerables modelos de ventanas circulares de PVC, como: ojo de buey fijo circular, ojo de buey mitad abatible y mitad fijo, ojo de buey de apertura total, ventana pivotante, ventana circular de PVC giratoria, ojo de buey de PVC fundici\u00f3n.<br \/>\nSomos fabricantes l\u00edderes en la fabricaci\u00f3n de ojos de buey de PVC.<\/p>\n<\/div>\n<div>\n<details>\n<summary>FICHES TECHNIQUES<\/summary>\n<div class=\"fila\">\n<div class=\"columna1\"><a title=\"Fiche technique\" href=\"\/multimedia\/fichas_tecnicas\/curvado_pvc\/ficha_tecnica_a70_abisagrada.pdf\" target=\"_blank\" rel=\"noopener\"> <img decoding=\"async\" class=\"imgtech1\" src=\"\/wp-content\/uploads\/2023\/04\/ficha_tecnica_a70_abisagrada.jpg\" alt=\"Ficha t\u00e9cnica A70 Abisagrada\" \/><\/a><\/div>\n<div class=\"columna1\"><a title=\"Fiche technique\" href=\"\/multimedia\/fichas_tecnicas\/curvado_pvc\/ficha_tecnica_euro_design_70.pdf\" target=\"_blank\" rel=\"noopener\"> <img decoding=\"async\" class=\"imgtech1\" src=\"\/wp-content\/uploads\/2023\/04\/ficha_tecnica_euro_design_70.jpg\" alt=\"Ficha t\u00e9cnica Euro-Design 70\" \/><\/a><\/div>\n<\/div>\n<\/details>\n<\/div>\n<\/div>","protected":false},"featured_media":5297,"comment_status":"closed","ping_status":"closed","template":"","meta":{"_acf_changed":false,"om_disable_all_campaigns":false},"product_brand":[],"product_cat":[244],"product_tag":[],"class_list":{"0":"post-5296","1":"product","2":"type-product","3":"status-publish","4":"has-post-thumbnail","6":"product_cat-curvado_pvc","8":"first","9":"instock","10":"shipping-taxable","11":"product-type-simple"},"acf":[],"aioseo_notices":[],"_links":{"self":[{"href":"https:\/\/aluminiosvallirana.es\/fr\/wp-json\/wp\/v2\/product\/5296","targetHints":{"allow":["GET"]}}],"collection":[{"href":"https:\/\/aluminiosvallirana.es\/fr\/wp-json\/wp\/v2\/product"}],"about":[{"href":"https:\/\/aluminiosvallirana.es\/fr\/wp-json\/wp\/v2\/types\/product"}],"replies":[{"embeddable":true,"href":"https:\/\/aluminiosvallirana.es\/fr\/wp-json\/wp\/v2\/comments?post=5296"}],"wp:featuredmedia":[{"embeddable":true,"href":"https:\/\/aluminiosvallirana.es\/fr\/wp-json\/wp\/v2\/media\/5297"}],"wp:attachment":[{"href":"https:\/\/aluminiosvallirana.es\/fr\/wp-json\/wp\/v2\/media?parent=5296"}],"wp:term":[{"taxonomy":"product_brand","embeddable":true,"href":"https:\/\/aluminiosvallirana.es\/fr\/wp-json\/wp\/v2\/product_brand?post=5296"},{"taxonomy":"product_cat","embeddable":true,"href":"https:\/\/aluminiosvallirana.es\/fr\/wp-json\/wp\/v2\/product_cat?post=5296"},{"taxonomy":"product_tag","embeddable":true,"href":"https:\/\/aluminiosvallirana.es\/fr\/wp-json\/wp\/v2\/product_tag?post=5296"}],"curies":[{"name":"wp","href":"https:\/\/api.w.org\/{rel}","templated":true}]}}