{"id":5301,"date":"2023-04-17T07:11:25","date_gmt":"2023-04-17T05:11:25","guid":{"rendered":"https:\/\/aluminiosvallirana.es\/?post_type=product&#038;p=5301"},"modified":"2023-04-17T08:21:28","modified_gmt":"2023-04-17T06:21:28","slug":"puertas-curvas-pvc","status":"publish","type":"product","link":"https:\/\/aluminiosvallirana.es\/fr\/productos\/puertas-curvas-pvc\/","title":{"rendered":"Puertas curvas en PVC"},"content":{"rendered":"<p>Nuestras puertas curvas pueden ser, puertas con curva, puertas curvas con panel decorativo, puertas con vidrio o puertas paneladas con lamas machihembradas. Pueden llevar multitud de combinaciones con fijos, ventanas abatibles, ventanas oscilobatientes, ventanas curvas, e incluso con lamas para ventilaci\u00f3n. Disponemos de puertas curvas con series de Rehau , puertas curvas con serie de Cortizo. Las puertas curvas que fabricamos y curvamos, pueden ser con series de Cortizo y Rehau.<\/p>","protected":false},"excerpt":{"rendered":"<div>\n<div>\n<h2>PUERTAS CURVAS CON TODOS LOS RADIOS POSIBLES<\/h2>\n<p style=\"text-align: justify;\">Somos fabricantes de puertas curvadas con precios econ\u00f3micos y de calidad. Fabricamos nuestras puertas curvas con m\u00faltiples opciones de dise\u00f1o y materiales, y en todos los acabados posibles. Las puertas curvas que fabricamos pueden ser con cualquier tipolog\u00eda de curva de PVC, puertas de un radio, puertas de arco rebajado, puertas con curva mediterr\u00e1nea o tres radios, puertas de medio punto, puertas con curva rectil\u00ednea, puertas con forma circular, etc\u2026 Debido a nuestra experiencia y buen hacer, curvamos hoja grande de puertas para poder alojarles cerraduras de un punto o varios puntos, e incluso cerraduras de seguridad, adem\u00e1s de porteros autom\u00e1ticos, con clave de acceso, con tarjeta de seguridad, antip\u00e1nicos y en cualquier sistema de apertura. Adem\u00e1s, las disponemos en cualquier acabado, puertas curvas en lacado madera, puertas curvas en lacado est\u00e1ndar, puertas curvas en lacado futura, puertas curvas en lacado especial, puertas curvas en lacado texturado mate, puertas curvas en lacado blanco y en cualquier otro acabado posible. Ofrecemos nuestras puertas curvas instaladas o \u00fanicamente el suministro de ellas. Adem\u00e1s de fabricantes, somos instaladores de puertas curvas de PVC o podemos ofrecerles nuestros instaladores. Pueden disponer de nuestras puertas curvas en poco tiempo y a unos precios incre\u00edbles.<\/p>\n<\/div>\n<\/div>\n<div>\n<details>\n<summary>FICHES TECHNIQUES<\/summary>\n<div class=\"fila\">\n<div class=\"columna1\"><a title=\"Fiche technique\" href=\"\/multimedia\/fichas_tecnicas\/curvado_pvc\/ficha_tecnica_a70_abisagrada.pdf\" target=\"_blank\" rel=\"noopener\"> <img decoding=\"async\" class=\"imgtech1\" src=\"\/wp-content\/uploads\/2023\/04\/ficha_tecnica_a70_abisagrada.jpg\" alt=\"Ficha t\u00e9cnica A70 Abisagrada\" \/><\/a><\/div>\n<div class=\"columna1\"><a title=\"Fiche technique\" href=\"\/multimedia\/fichas_tecnicas\/curvado_pvc\/ficha_tecnica_euro_design_70.pdf\" target=\"_blank\" rel=\"noopener\"> <img decoding=\"async\" class=\"imgtech1\" src=\"\/wp-content\/uploads\/2023\/04\/ficha_tecnica_euro_design_70.jpg\" alt=\"Ficha t\u00e9cnica Euro-Design 70\" \/><\/a><\/div>\n<\/div>\n<\/details>\n<\/div>","protected":false},"featured_media":5302,"comment_status":"closed","ping_status":"closed","template":"","meta":{"_acf_changed":false,"om_disable_all_campaigns":false},"product_brand":[],"product_cat":[244],"product_tag":[],"class_list":{"0":"post-5301","1":"product","2":"type-product","3":"status-publish","4":"has-post-thumbnail","6":"product_cat-curvado_pvc","8":"first","9":"instock","10":"shipping-taxable","11":"product-type-simple"},"acf":[],"aioseo_notices":[],"_links":{"self":[{"href":"https:\/\/aluminiosvallirana.es\/fr\/wp-json\/wp\/v2\/product\/5301","targetHints":{"allow":["GET"]}}],"collection":[{"href":"https:\/\/aluminiosvallirana.es\/fr\/wp-json\/wp\/v2\/product"}],"about":[{"href":"https:\/\/aluminiosvallirana.es\/fr\/wp-json\/wp\/v2\/types\/product"}],"replies":[{"embeddable":true,"href":"https:\/\/aluminiosvallirana.es\/fr\/wp-json\/wp\/v2\/comments?post=5301"}],"wp:featuredmedia":[{"embeddable":true,"href":"https:\/\/aluminiosvallirana.es\/fr\/wp-json\/wp\/v2\/media\/5302"}],"wp:attachment":[{"href":"https:\/\/aluminiosvallirana.es\/fr\/wp-json\/wp\/v2\/media?parent=5301"}],"wp:term":[{"taxonomy":"product_brand","embeddable":true,"href":"https:\/\/aluminiosvallirana.es\/fr\/wp-json\/wp\/v2\/product_brand?post=5301"},{"taxonomy":"product_cat","embeddable":true,"href":"https:\/\/aluminiosvallirana.es\/fr\/wp-json\/wp\/v2\/product_cat?post=5301"},{"taxonomy":"product_tag","embeddable":true,"href":"https:\/\/aluminiosvallirana.es\/fr\/wp-json\/wp\/v2\/product_tag?post=5301"}],"curies":[{"name":"wp","href":"https:\/\/api.w.org\/{rel}","templated":true}]}}