{"id":5307,"date":"2023-04-17T07:42:35","date_gmt":"2023-04-17T05:42:35","guid":{"rendered":"https:\/\/aluminiosvallirana.es\/?post_type=product&#038;p=5307"},"modified":"2023-04-18T10:24:15","modified_gmt":"2023-04-18T08:24:15","slug":"trabajos-artesanales-en-pvc","status":"publish","type":"product","link":"https:\/\/aluminiosvallirana.es\/fr\/productos\/trabajos-artesanales-en-pvc\/","title":{"rendered":"Trabajos artesanales en PVC"},"content":{"rendered":"<p>En Aluminios Vallirana, nos enorgullece ofrecer una amplia variedad de acabados y colores para nuestras curvas de PVC. Esto le permite personalizar el aspecto de sus ventanas para que se ajusten perfectamente al dise\u00f1o y estilo de su hogar o negocio.<br \/>\nRealizamos trabajos artesanales con cualquier serie y material, as\u00ed como en las aperturas y acabados. Trabajos artesanales de ventanas, trabajos artesanales de mallorquinas, trabajos artesanales de celos\u00edas, trabajos artesanales de barandas, trabajos artesanales de vallas de jard\u00edn, trabajos artesanales de cancelas de PVC, trabajos artesanales de ventanas guillotinas, trabajos artesanales de ojos de buey.<\/p>","protected":false},"excerpt":{"rendered":"<div>\n<div>\n<h2>HACEMOS TODOS LOS TRABAJOS ARTESANALES EN PVC QUE PUEDAS IMAGINAR<\/h2>\n<p style=\"text-align: justify;\">Aluminios Vallirana, se caracteriza por su especialidad en curvas de PVC, y sobre todo, por intentar personalizar sus trabajos. Es el l\u00edder indiscutible en este sector, con trabajos artesanales de gran envergadura y de mucha dedicaci\u00f3n y sofisticaci\u00f3n. Debido a nuestra experiencia, gente joven y comprometida, gran inversi\u00f3n, m\u00e1quinas de \u00faltima generaci\u00f3n y equipo t\u00e9cnico, somos capaces de fabricar lo que otros no se atreven ni a imaginar. De ah\u00ed nuestro eslogan. Gracias a nuestras nuevas t\u00e9cnicas de curvado y elaboraci\u00f3n de nuestras curvas, nuestros clientes nos eligen, para sus m\u00e1s comprometidos trabajos. Nuestro equipo altamente capacitado y experimentado trabajar\u00e1 con usted para dise\u00f1ar trabajos artesanales personalizadas que se adapten perfectamente a sus necesidades y preferencias. Podemos crear curvas de PVC en una amplia variedad de tama\u00f1os y formas, lo que le permite personalizar su hogar o negocio de acuerdo a su gusto y estilo.<\/p>\n<\/div>\n<\/div>\n<div>\n<details>\n<summary>FICHES TECHNIQUES<\/summary>\n<div class=\"fila\">\n<div class=\"columna1\"><a title=\"Fiche technique\" href=\"\/multimedia\/fichas_tecnicas\/curvado_pvc\/ficha_tecnica_a70_abisagrada.pdf\" target=\"_blank\" rel=\"noopener\"> <img decoding=\"async\" class=\"imgtech1\" src=\"\/wp-content\/uploads\/2023\/04\/ficha_tecnica_a70_abisagrada.jpg\" alt=\"Ficha t\u00e9cnica A70 Abisagrada\" \/><\/a><\/div>\n<div class=\"columna1\"><a title=\"Fiche technique\" href=\"\/multimedia\/fichas_tecnicas\/curvado_pvc\/ficha_tecnica_euro_design_70.pdf\" target=\"_blank\" rel=\"noopener\"> <img decoding=\"async\" class=\"imgtech1\" src=\"\/wp-content\/uploads\/2023\/04\/ficha_tecnica_euro_design_70.jpg\" alt=\"Ficha t\u00e9cnica Euro-Design 70\" \/><\/a><\/div>\n<\/div>\n<\/details>\n<\/div>","protected":false},"featured_media":5308,"comment_status":"closed","ping_status":"closed","template":"","meta":{"_acf_changed":false,"om_disable_all_campaigns":false},"product_brand":[],"product_cat":[244],"product_tag":[],"class_list":{"0":"post-5307","1":"product","2":"type-product","3":"status-publish","4":"has-post-thumbnail","6":"product_cat-curvado_pvc","8":"first","9":"instock","10":"shipping-taxable","11":"product-type-simple"},"acf":[],"aioseo_notices":[],"_links":{"self":[{"href":"https:\/\/aluminiosvallirana.es\/fr\/wp-json\/wp\/v2\/product\/5307","targetHints":{"allow":["GET"]}}],"collection":[{"href":"https:\/\/aluminiosvallirana.es\/fr\/wp-json\/wp\/v2\/product"}],"about":[{"href":"https:\/\/aluminiosvallirana.es\/fr\/wp-json\/wp\/v2\/types\/product"}],"replies":[{"embeddable":true,"href":"https:\/\/aluminiosvallirana.es\/fr\/wp-json\/wp\/v2\/comments?post=5307"}],"wp:featuredmedia":[{"embeddable":true,"href":"https:\/\/aluminiosvallirana.es\/fr\/wp-json\/wp\/v2\/media\/5308"}],"wp:attachment":[{"href":"https:\/\/aluminiosvallirana.es\/fr\/wp-json\/wp\/v2\/media?parent=5307"}],"wp:term":[{"taxonomy":"product_brand","embeddable":true,"href":"https:\/\/aluminiosvallirana.es\/fr\/wp-json\/wp\/v2\/product_brand?post=5307"},{"taxonomy":"product_cat","embeddable":true,"href":"https:\/\/aluminiosvallirana.es\/fr\/wp-json\/wp\/v2\/product_cat?post=5307"},{"taxonomy":"product_tag","embeddable":true,"href":"https:\/\/aluminiosvallirana.es\/fr\/wp-json\/wp\/v2\/product_tag?post=5307"}],"curies":[{"name":"wp","href":"https:\/\/api.w.org\/{rel}","templated":true}]}}